{"id":543,"date":"2021-03-04T10:07:36","date_gmt":"2021-03-04T09:07:36","guid":{"rendered":"https:\/\/habegger.toggle.ch\/?page_id=543"},"modified":"2021-12-14T14:11:52","modified_gmt":"2021-12-14T13:11:52","slug":"accueil","status":"publish","type":"page","link":"https:\/\/www.habegger-sa.com\/de\/","title":{"rendered":"Startseite"},"content":{"rendered":"<div>\n<p>        <img decoding=\"async\" src=\"\/wp-content\/uploads\/2021\/10\/PIeces-8-1.jpg\" alt=\"\"><\/p>\n<h2>Harold Habegger SA<\/h2>\n<p>Willkommen<\/p>\n<div>\n<p>Maschinen- und Werkzeugfabrik<\/p>\n<p>Die Firma wurde im Jahre 1960 durch den derzeitigen Pr\u00e4sident -Harold Habegger- gegr\u00fcndet.<\/p>\n<\/div>\n<p><a href=\"\/de\/kontakt\">Mehr erfahren<\/a><\/p>\n<\/div>\n<div>\n<p>        <img decoding=\"async\" src=\"\/wp-content\/uploads\/2021\/10\/PIeces-8-1.jpg\" alt=\"\"><\/p>\n<h2>Harold Habegger SA<\/h2>\n<p>Willkommen<\/p>\n<div>\n<p>Maschinen- und Werkzeugfabrik.<\/p>\n<p>Die Firma wurde im Jahre 1960 durch den derzeitigen Pr\u00e4sident -Harold Habegger- gegr\u00fcndet<\/p>\n<\/div>\n<p><a href=\"\/de\/kontakt\/\">Mehr Erfahren<\/a><\/p>\n<\/div>\n<ul>\n<li>\n<p>        <img decoding=\"async\" src=\"\/wp-content\/uploads\/2021\/12\/outils-filetage.jpg\" alt=\"\"><\/p>\n<h3><span style=\"color:rgba(0,0,0,0.75);\">Gewinderollwerkzeuge<\/span><\/h3>\n<div>\n<ul>\n<li style=\"color: rgba(0,0,0,0.75);\"><a style=\"color: currentcolor;\" href=\"\/de\/filieres-a-rouler-les-filets\/\">Gewinderolleisen<\/a><\/li>\n<\/ul>\n<\/div>\n<\/li>\n<li>\n<p>        <img decoding=\"async\" src=\"\/wp-content\/uploads\/2021\/12\/outils-moletage-1.jpg\" alt=\"\"><\/p>\n<h3>Randrierwerkzeuge<\/h3>\n<div>\n<ul>\n<li><a href=\"\/de\/filieres-a-moleter\/\">End-R\u00e4ndel<\/a><\/li>\n<li><a href=\"\/de\/tetes-a-moleter\/\">Randrierk\u00f6pfe<\/a><\/li>\n<\/ul>\n<\/div>\n<\/li>\n<li>\n<p>        <img decoding=\"async\" src=\"\/wp-content\/uploads\/2021\/12\/outils-galetage.jpg\" alt=\"\"><\/p>\n<h3>Glattwalzwerkzeuge<\/h3>\n<div>\n<ul>\n<li><a href=\"\/de\/filieres-a-galeter\/\">Glattwalzeisen<\/a><\/li>\n<\/ul>\n<\/div>\n<\/li>\n<li>\n<p>        <img decoding=\"async\" src=\"\/wp-content\/uploads\/2021\/12\/outils-guidage.jpg\" alt=\"\"><\/p>\n<h3>F\u00fchrungswerkzeuge<\/h3>\n<div>\n<ul>\n<li><a href=\"\/de\/canons-de-guidage\/\">F\u00fchrungsb\u00fcchsen<\/a><\/li>\n<li><a href=\"\/de\/canons-3-positions\/\">F\u00fchrungsb\u00fcchsen mit 3 Positionen<\/a><\/li>\n<\/ul>\n<\/div>\n<\/li>\n<\/ul>\n<p><!--more--><br \/>\n<!-- {\"name\":\"Home\",\"type\":\"layout\",\"children\":[{\"type\":\"section\",\"props\":{\"style\":\"secondary\",\"width\":\"\",\"vertical_align\":\"middle\",\"title_position\":\"top-left\",\"title_rotation\":\"left\",\"title_breakpoint\":\"xl\",\"image_position\":\"center-center\",\"padding\":\"none\",\"padding_remove_top\":false,\"image\":\"wp-content\\\/uploads\\\/2021\\\/03\\\/home-hero-bg.svg\",\"overlap\":false,\"header_transparent\":\"light\",\"header_transparent_noplaceholder\":false},\"children\":[{\"type\":\"row\",\"props\":{\"width\":\"xlarge\",\"margin\":\"remove-vertical\",\"margin_remove_bottom\":false,\"padding_remove_horizontal\":true},\"children\":[{\"type\":\"column\",\"props\":{\"image_position\":\"center-center\",\"media_overlay_gradient\":\"\",\"width_medium\":\"1-1\",\"position_sticky_breakpoint\":\"m\"},\"children\":[{\"type\":\"overlay\",\"props\":{\"link_text\":\"Mehr erfahren\",\"overlay_mode\":\"cover\",\"overlay_hover\":false,\"overlay_style\":\"\",\"overlay_position\":\"center-left\",\"overlay_transition\":\"fade\",\"title_element\":\"h2\",\"meta_style\":\"meta\",\"meta_align\":\"above-title\",\"link_style\":\"primary\",\"text_align\":\"left\",\"margin\":\"small\",\"overlay_padding\":\"large\",\"overlay_maxwidth\":\"2xlarge\",\"title_style\":\"h1\",\"link_margin\":\"medium\",\"visibility\":\"s\",\"source\":\"21\",\"meta\":\"Willkommen\",\"image_min_height\":\"700\",\"image_width\":\"1600\",\"title_hover_style\":\"reset\",\"css\":\"@media (max-width: 1200px) {\\n\\t.el-element > * > .uk-position-center-right { \\t\\twidth: 50%;\\n\\t}\\n}\\n.el-element .uk-position-center-left > .uk-panel {\\n    background: #00000070;\\n}\\n\",\"class\":\"\",\"meta_element\":\"div\",\"text_color\":\"light\",\"image\":\"wp-content\\\/uploads\\\/2021\\\/10\\\/PIeces-8-1.jpg\",\"content\":\"\n\n<p>Maschinen- und Werkzeugfabrik<\\\/p>\\n\n\n<p>Die Firma wurde im Jahre 1960 durch den derzeitigen Pr\\u00e4sident -Harold Habegger- gegr\\u00fcndet.<\\\/p>\",\"link\":\"\\\/de\\\/kontakt\",\"title\":\"Harold Habegger SA\",\"image_alt\":\"\",\"overlay_image\":null,\"overlay_link\":true}},{\"type\":\"overlay\",\"props\":{\"link_text\":\"Mehr Erfahren\",\"overlay_mode\":\"cover\",\"overlay_hover\":true,\"overlay_style\":\"overlay-primary\",\"overlay_position\":\"center\",\"overlay_transition\":\"fade\",\"title_element\":\"h2\",\"meta_style\":\"meta\",\"meta_align\":\"above-title\",\"link_style\":\"primary\",\"text_align\":\"center\",\"margin\":\"remove-vertical\",\"overlay_padding\":\"small\",\"overlay_maxwidth\":\"large\",\"title_style\":\"h1\",\"link_margin\":\"medium\",\"visibility\":\"hidden-s\",\"source\":\"21\",\"meta\":\"Willkommen\",\"image_min_height\":\"400\",\"image_width\":\"900\",\"title_hover_style\":\"reset\",\"class\":\"\",\"meta_element\":\"div\",\"text_color\":\"\",\"content\":\"\n\n<p>Maschinen- und Werkzeugfabrik.<\\\/p>\\n\n\n<p>Die Firma wurde im Jahre 1960 durch den derzeitigen Pr\\u00e4sident -Harold Habegger- gegr\\u00fcndet<\\\/p>\",\"link\":\"\\\/de\\\/kontakt\\\/\",\"title\":\"Harold Habegger SA\",\"image\":\"wp-content\\\/uploads\\\/2021\\\/10\\\/PIeces-8-1.jpg\",\"image_alt\":\"\",\"overlay_image\":null,\"overlay_link\":true,\"margin_remove_top\":false,\"margin_remove_bottom\":false,\"meta_margin\":\"xlarge\",\"overlay_transition_background\":true,\"css\":\".el-element .uk-position-center > .uk-overlay {\\n    background: #00000099;\\n}\"}},{\"type\":\"gallery\",\"props\":{\"show_title\":true,\"show_meta\":true,\"show_content\":true,\"show_link\":true,\"show_hover_image\":true,\"grid_default\":\"1\",\"grid_medium\":\"2\",\"filter_style\":\"tab\",\"filter_all\":true,\"filter_position\":\"top\",\"filter_align\":\"left\",\"filter_grid_width\":\"auto\",\"filter_grid_breakpoint\":\"m\",\"overlay_mode\":\"cover\",\"overlay_hover\":false,\"overlay_style\":\"\",\"text_color\":\"\",\"overlay_position\":\"center-left\",\"overlay_transition\":\"fade\",\"title_hover_style\":\"reset\",\"title_element\":\"h3\",\"meta_style\":\"\",\"meta_align\":\"below-title\",\"link_text\":\"\",\"link_style\":\"text\",\"text_align\":\"left\",\"margin\":\"small\",\"item_animation\":true,\"grid_column_gap\":\"small\",\"grid_row_gap\":\"small\",\"title_style\":\"h2\",\"content_margin\":\"small\",\"css\":\"@media (max-width: 959px) {\\n    .uk-margin-small,\\n    .uk-grid-margin {\\n        margin: 0 !important;\\n    }\\n}\",\"image_width\":\"910\",\"image_min_height\":\"250\",\"class\":\"\",\"meta_element\":\"div\",\"overlay_link\":true,\"grid_divider\":false,\"grid_column_align\":false,\"grid_row_align\":false,\"text_color_hover\":false,\"margin_remove_top\":true,\"overlay_transition_background\":false,\"grid_xlarge\":\"4\",\"text_align_breakpoint\":\"s\",\"text_align_fallback\":\"center\",\"id\":\"home-blocs\"},\"children\":[{\"type\":\"gallery_item\",\"props\":{\"source\":\"27\",\"image\":\"wp-content\\\/uploads\\\/2021\\\/12\\\/outils-filetage.jpg\",\"title\":\"<span style=\\\"color:rgba(0,0,0,0.75);\\\">Gewinderollwerkzeuge<\\\/span>\",\"content\":\"\n\n<ul>\\n\n\n<li style=\\\"color: rgba(0,0,0,0.75);\\\"><a style=\\\"color: currentcolor;\\\" href=\\\"\\\/de\\\/filieres-a-rouler-les-filets\\\/\\\">Gewinderolleisen<\\\/a><\\\/li>\\n<\\\/ul>\",\"link\":\"\",\"image_alt\":\"\",\"hover_image\":null,\"text_color\":\"dark\",\"text_color_hover\":false}},{\"type\":\"gallery_item\",\"props\":{\"source\":\"24\",\"image\":\"wp-content\\\/uploads\\\/2021\\\/12\\\/outils-moletage-1.jpg\",\"title\":\"Randrierwerkzeuge\",\"content\":\"\n\n<ul>\\n\n\n<li><a href=\\\"\\\/de\\\/filieres-a-moleter\\\/\\\">End-R\\u00e4ndel<\\\/a><\\\/li>\\n\n\n<li><a href=\\\"\\\/de\\\/tetes-a-moleter\\\/\\\">Randrierk\\u00f6pfe<\\\/a><\\\/li>\\n<\\\/ul>\",\"link\":\"\",\"image_alt\":\"\",\"text_color\":\"light\",\"hover_image\":null}},{\"type\":\"gallery_item\",\"props\":{\"source\":\"40\",\"image\":\"wp-content\\\/uploads\\\/2021\\\/12\\\/outils-galetage.jpg\",\"title\":\"Glattwalzwerkzeuge\",\"content\":\"\n\n<ul>\\n\n\n<li><a href=\\\"\\\/de\\\/filieres-a-galeter\\\/\\\">Glattwalzeisen<\\\/a><\\\/li>\\n<\\\/ul>\",\"link\":\"\",\"image_alt\":\"\",\"text_color\":\"light\",\"hover_image\":null}},{\"type\":\"gallery_item\",\"props\":{\"source\":\"40\",\"image\":\"wp-content\\\/uploads\\\/2021\\\/12\\\/outils-guidage.jpg\",\"title\":\"F\\u00fchrungswerkzeuge\",\"content\":\"\n\n<ul>\\n\n\n<li><a href=\\\"\\\/de\\\/canons-de-guidage\\\/\\\">F\\u00fchrungsb\\u00fcchsen<\\\/a><\\\/li>\\n\n\n<li><a href=\\\"\\\/de\\\/canons-3-positions\\\/\\\">F\\u00fchrungsb\\u00fcchsen mit 3 Positionen<\\\/a><\\\/li>\\n<\\\/ul>\",\"link\":\"\",\"image_alt\":\"\",\"text_color\":\"light\",\"hover_image\":null}}]}]}]}],\"name\":\"Home\"}],\"version\":\"2.7.5\"} --><\/p>\n","protected":false},"excerpt":{"rendered":"<p>Harold Habegger SA Willkommen Maschinen- und Werkzeugfabrik Die Firma wurde im Jahre 1960 durch den derzeitigen Pr\u00e4sident -Harold Habegger- gegr\u00fcndet. Mehr erfahren Harold Habegger SA Willkommen Maschinen- und Werkzeugfabrik. Die Firma wurde im Jahre 1960 durch den derzeitigen Pr\u00e4sident -Harold Habegger- gegr\u00fcndet Mehr Erfahren Gewinderollwerkzeuge Gewinderolleisen Randrierwerkzeuge End-R\u00e4ndel Randrierk\u00f6pfe Glattwalzwerkzeuge Glattwalzeisen F\u00fchrungswerkzeuge F\u00fchrungsb\u00fcchsen F\u00fchrungsb\u00fcchsen mit [&hellip;]<\/p>\n","protected":false},"author":1,"featured_media":0,"parent":0,"menu_order":0,"comment_status":"closed","ping_status":"closed","template":"","meta":{"footnotes":""},"class_list":["post-543","page","type-page","status-publish","hentry"],"_links":{"self":[{"href":"https:\/\/www.habegger-sa.com\/de\/wp-json\/wp\/v2\/pages\/543","targetHints":{"allow":["GET"]}}],"collection":[{"href":"https:\/\/www.habegger-sa.com\/de\/wp-json\/wp\/v2\/pages"}],"about":[{"href":"https:\/\/www.habegger-sa.com\/de\/wp-json\/wp\/v2\/types\/page"}],"author":[{"embeddable":true,"href":"https:\/\/www.habegger-sa.com\/de\/wp-json\/wp\/v2\/users\/1"}],"replies":[{"embeddable":true,"href":"https:\/\/www.habegger-sa.com\/de\/wp-json\/wp\/v2\/comments?post=543"}],"version-history":[{"count":30,"href":"https:\/\/www.habegger-sa.com\/de\/wp-json\/wp\/v2\/pages\/543\/revisions"}],"predecessor-version":[{"id":1573,"href":"https:\/\/www.habegger-sa.com\/de\/wp-json\/wp\/v2\/pages\/543\/revisions\/1573"}],"wp:attachment":[{"href":"https:\/\/www.habegger-sa.com\/de\/wp-json\/wp\/v2\/media?parent=543"}],"curies":[{"name":"wp","href":"https:\/\/api.w.org\/{rel}","templated":true}]}}