{"id":763,"date":"2021-07-08T10:48:16","date_gmt":"2021-07-08T08:48:16","guid":{"rendered":"https:\/\/habegger.toggle.ch\/?page_id=763"},"modified":"2021-11-25T09:16:07","modified_gmt":"2021-11-25T08:16:07","slug":"drehstaehle","status":"publish","type":"page","link":"https:\/\/www.habegger-sa.com\/de\/drehstaehle\/","title":{"rendered":"Drehst\u00e4hle"},"content":{"rendered":"<div>\n<p>VERSCHIEDENE WERKZEUGE<\/p>\n<\/div>\n<h2>Drehst\u00e4hle + Pl\u00e4ttchen<\/h2>\n<div>\n<p><span>Gel\u00f6tete Wendeplatten aus &#8222;Micro 100&#8220; Hartmetall<\/span>.<\/p>\n<p><span>F\u00fcr linksdrehenden Langdrehautomaten: (CCW\/M14): Typ L<\/span>.<\/p>\n<\/div>\n<p><img decoding=\"async\" src=\"\/wp-content\/uploads\/2021\/10\/PIeces-2-scaled.jpg\" alt=\"\"><\/p>\n<h1>Information<\/h1>\n<ul>\n<li>\n<h3>TVL Version f\u00fcr Abstechwerkzeuge<\/h3>\n<\/li>\n<li>\n<h3>THL Version f\u00fcr Drehwerkzeuge<\/h3>\n<\/li>\n<li>\n<h3>Ersatzpl\u00e4ttchen sind auf Verlangen lieferbar<\/h3>\n<\/li>\n<\/ul>\n<h2>Mehr erfahren<\/h2>\n<p>\n    <a href=\"\/contact\">Kontaktieren Sie uns&nbsp;<\/a>\n<\/p>\n<p><!--more--><br \/>\n<!-- {\"name\":\"Canons\",\"type\":\"layout\",\"children\":[{\"type\":\"section\",\"props\":{\"style\":\"secondary\",\"width\":\"\",\"vertical_align\":\"middle\",\"title_position\":\"top-left\",\"title_rotation\":\"left\",\"title_breakpoint\":\"xl\",\"image_position\":\"center-center\",\"padding\":\"none\",\"padding_remove_top\":false,\"padding_remove_bottom\":false,\"preserve_color\":false,\"header_transparent\":\"light\"},\"children\":[{\"type\":\"row\",\"props\":{\"layout\":\"1-2,1-2\",\"column_gap\":\"collapse\",\"row_gap\":\"collapse\",\"width\":\"xlarge\",\"padding_remove_horizontal\":true},\"children\":[{\"type\":\"column\",\"props\":{\"image_position\":\"center-center\",\"media_overlay_gradient\":\"\",\"vertical_align\":\"middle\",\"style\":\"muted\",\"width_medium\":\"1-2\",\"preserve_color\":false},\"children\":[{\"type\":\"text\",\"props\":{\"margin\":\"default\",\"column_breakpoint\":\"m\",\"text_style\":\"meta\",\"maxwidth\":\"xlarge\",\"block_align_breakpoint\":\"m\",\"block_align_fallback\":\"center\",\"text_align\":\"left\",\"text_align_breakpoint\":\"m\",\"text_align_fallback\":\"center\",\"content\":\"\n\n<p>VERSCHIEDENE WERKZEUGE<\\\/p>\",\"margin_remove_bottom\":false}},{\"type\":\"headline\",\"props\":{\"title_element\":\"h2\",\"title_style\":\"h1\",\"margin\":\"small\",\"maxwidth\":\"xlarge\",\"block_align_breakpoint\":\"m\",\"block_align_fallback\":\"center\",\"text_align\":\"left\",\"text_align_breakpoint\":\"m\",\"text_align_fallback\":\"center\",\"content\":\"Drehst\\u00e4hle + Pl\\u00e4ttchen\"}},{\"type\":\"text\",\"props\":{\"margin\":\"medium\",\"column_breakpoint\":\"m\",\"maxwidth\":\"large\",\"block_align_breakpoint\":\"m\",\"block_align_fallback\":\"center\",\"text_align\":\"left\",\"text_align_breakpoint\":\"m\",\"text_align_fallback\":\"center\",\"content\":\"\n\n<p><span>Gel\\u00f6tete Wendeplatten aus \\\"Micro 100\\\" Hartmetall<\\\/span>.<\\\/p>\\n\n\n<p><span>F\\u00fcr linksdrehenden Langdrehautomaten: (CCW\\\/M14): Typ L<\\\/span>.<\\\/p>\"}}]},{\"type\":\"column\",\"props\":{\"image_position\":\"center-center\",\"media_overlay_gradient\":\"\",\"vertical_align\":\"middle\",\"style\":\"default\",\"padding\":\"none\",\"width_medium\":\"1-2\",\"order_first\":\"m\"},\"children\":[{\"type\":\"image\",\"props\":{\"margin\":\"default\",\"image_svg_color\":\"emphasis\",\"image\":\"wp-content\\\/uploads\\\/2021\\\/10\\\/PIeces-2-scaled.jpg\",\"image_width\":\"800\",\"text_align\":\"center\"}}]}]}],\"name\":\"Hero\"},{\"type\":\"section\",\"props\":{\"style\":\"secondary\",\"width\":\"expand\",\"vertical_align\":\"middle\",\"title_position\":\"top-left\",\"title_rotation\":\"left\",\"title_breakpoint\":\"xl\",\"image_position\":\"center-center\",\"padding_remove_top\":false,\"padding_remove_bottom\":false,\"image\":\"wp-content\\\/uploads\\\/2021\\\/03\\\/home-hero-bg.svg\",\"image_effect\":\"parallax\",\"image_parallax_bgx_end\":\"300\",\"image_parallax_bgy_start\":\"-300\",\"image_size\":\"cover\"},\"children\":[{\"type\":\"row\",\"props\":{\"column_gap\":\"small\",\"row_gap\":\"small\",\"width\":\"xlarge\",\"padding_remove_horizontal\":true,\"match\":false},\"children\":[{\"type\":\"column\",\"props\":{\"image_position\":\"center-center\",\"media_overlay_gradient\":\"\",\"padding\":\"small\",\"width_medium\":\"1-1\",\"preserve_color\":false,\"vertical_align\":\"middle\"},\"children\":[{\"type\":\"headline\",\"props\":{\"title_element\":\"h1\",\"text_align\":\"center\",\"content\":\"Information\",\"margin_remove_bottom\":false,\"title_decoration\":\"line\"}},{\"type\":\"grid\",\"props\":{\"show_title\":true,\"show_meta\":true,\"show_content\":true,\"show_image\":true,\"show_link\":true,\"grid_default\":\"1\",\"grid_medium\":\"3\",\"filter_style\":\"tab\",\"filter_all\":true,\"filter_position\":\"top\",\"filter_align\":\"left\",\"filter_grid_width\":\"auto\",\"filter_grid_breakpoint\":\"m\",\"title_hover_style\":\"reset\",\"title_element\":\"h3\",\"title_align\":\"top\",\"title_grid_width\":\"1-2\",\"title_grid_breakpoint\":\"m\",\"meta_style\":\"meta\",\"meta_align\":\"above-title\",\"image_align\":\"top\",\"image_grid_width\":\"1-2\",\"image_grid_breakpoint\":\"m\",\"image_svg_color\":\"emphasis\",\"link_text\":\"Read more\",\"link_style\":\"default\",\"margin\":\"large\",\"item_animation\":true,\"grid_column_gap\":\"large\",\"grid_row_gap\":\"large\",\"item_maxwidth\":\"medium\",\"title_style\":\"h4\",\"title_margin\":\"small\",\"text_align\":\"center\",\"grid_divider\":true,\"image_svg_inline\":true,\"icon_width\":80,\"meta_element\":\"div\",\"content_column_breakpoint\":\"m\",\"grid_small\":\"1\",\"text_align_fallback\":\"center\",\"grid_column_align\":false,\"grid_row_align\":false},\"children\":[{\"type\":\"grid_item\",\"props\":{\"title\":\"TVL Version f\\u00fcr Abstechwerkzeuge\",\"content\":\"\",\"image\":\"\",\"meta\":\"\",\"icon\":\"\"}},{\"type\":\"grid_item\",\"props\":{\"title\":\"THL Version f\\u00fcr Drehwerkzeuge\",\"content\":\"\",\"image\":\"\",\"meta\":\"\",\"icon\":\"\"}},{\"type\":\"grid_item\",\"props\":{\"title\":\"Ersatzpl\\u00e4ttchen sind auf Verlangen lieferbar\",\"content\":\"\",\"image\":\"\",\"meta\":\"\",\"icon\":\"\"}}]}]}]}],\"name\":\"Avantages\"},{\"type\":\"section\",\"props\":{\"style\":\"secondary\",\"width\":\"xlarge\",\"vertical_align\":\"middle\",\"title_position\":\"top-left\",\"title_rotation\":\"left\",\"title_breakpoint\":\"xl\",\"image_position\":\"center-center\",\"padding_remove_bottom\":false,\"preserve_color\":true,\"overlap\":false,\"padding\":\"xsmall\"},\"children\":[{\"type\":\"row\",\"props\":{\"margin_remove_bottom\":true,\"id\":\"contact\",\"padding_remove_horizontal\":true},\"children\":[{\"type\":\"column\",\"props\":{\"image_position\":\"center-center\",\"media_overlay_gradient\":\"\",\"text_color\":\"light\",\"image\":\"\",\"image_size\":\"cover\",\"image_width\":\"1600\",\"width_medium\":\"1-1\",\"style\":\"default\",\"vertical_align\":\"middle\"},\"children\":[{\"type\":\"headline\",\"props\":{\"title_element\":\"h2\",\"text_align\":\"center\",\"content\":\"Mehr erfahren\",\"link\":\"\"}},{\"type\":\"button\",\"props\":{\"grid_column_gap\":\"small\",\"grid_row_gap\":\"small\",\"margin\":\"medium\",\"text_align\":\"center\"},\"children\":[{\"type\":\"button_item\",\"props\":{\"button_style\":\"primary\",\"icon_align\":\"right\",\"content\":\"Kontaktieren Sie uns&nbsp;\",\"link\":\"\\\/contact\",\"icon\":\"info\"}}]}]}]}],\"name\":\"Sur demande\"}],\"version\":\"2.5.10\"} --><\/p>\n","protected":false},"excerpt":{"rendered":"<p>VERSCHIEDENE WERKZEUGE Drehst\u00e4hle + Pl\u00e4ttchen Gel\u00f6tete Wendeplatten aus &#8222;Micro 100&#8220; Hartmetall. F\u00fcr linksdrehenden Langdrehautomaten: (CCW\/M14): Typ L. Information TVL Version f\u00fcr Abstechwerkzeuge THL Version f\u00fcr Drehwerkzeuge Ersatzpl\u00e4ttchen sind auf Verlangen lieferbar Mehr erfahren Kontaktieren Sie uns&nbsp;<\/p>\n","protected":false},"author":1,"featured_media":0,"parent":0,"menu_order":0,"comment_status":"closed","ping_status":"closed","template":"","meta":{"footnotes":""},"class_list":["post-763","page","type-page","status-publish","hentry"],"_links":{"self":[{"href":"https:\/\/www.habegger-sa.com\/de\/wp-json\/wp\/v2\/pages\/763","targetHints":{"allow":["GET"]}}],"collection":[{"href":"https:\/\/www.habegger-sa.com\/de\/wp-json\/wp\/v2\/pages"}],"about":[{"href":"https:\/\/www.habegger-sa.com\/de\/wp-json\/wp\/v2\/types\/page"}],"author":[{"embeddable":true,"href":"https:\/\/www.habegger-sa.com\/de\/wp-json\/wp\/v2\/users\/1"}],"replies":[{"embeddable":true,"href":"https:\/\/www.habegger-sa.com\/de\/wp-json\/wp\/v2\/comments?post=763"}],"version-history":[{"count":11,"href":"https:\/\/www.habegger-sa.com\/de\/wp-json\/wp\/v2\/pages\/763\/revisions"}],"predecessor-version":[{"id":1388,"href":"https:\/\/www.habegger-sa.com\/de\/wp-json\/wp\/v2\/pages\/763\/revisions\/1388"}],"wp:attachment":[{"href":"https:\/\/www.habegger-sa.com\/de\/wp-json\/wp\/v2\/media?parent=763"}],"curies":[{"name":"wp","href":"https:\/\/api.w.org\/{rel}","templated":true}]}}