{"id":783,"date":"2021-07-08T10:44:28","date_gmt":"2021-07-08T08:44:28","guid":{"rendered":"https:\/\/habegger.toggle.ch\/?page_id=783"},"modified":"2021-12-02T15:32:12","modified_gmt":"2021-12-02T14:32:12","slug":"glattwalzeisen","status":"publish","type":"page","link":"https:\/\/www.habegger-sa.com\/de\/glattwalzeisen\/","title":{"rendered":"Glattwalzeisen"},"content":{"rendered":"<div>\n<p>GLATTWALZWERKZEUGE<\/p>\n<\/div>\n<h2>Glattwalzeisen<\/h2>\n<div>\n<p>Ergeben eine bessere Oberfl\u00e4cheng\u00fcte.<br \/>Dienen zum gl\u00e4tten von Durchmessern, ohne jedoch die Geometrie zu verbessern.<br \/>\u00a0<br \/>\u00a0<\/p>\n<\/div>\n<p><img decoding=\"async\" src=\"\/wp-content\/uploads\/2021\/10\/PIeces-3-scaled.jpg\" alt=\"\"><\/p>\n<h1>Hauptvorteile<\/h1>\n<ul>\n<li>\n<h3>Erlauben die Gl\u00e4ttung des Durchmessers<\/h3>\n<\/li>\n<li>\n<h3>Die 3 Rollen ergeben bessere Oberfl\u00e4cheng\u00fcte<\/h3>\n<\/li>\n<li>\n<h3>Arbeiten ohne radialen Druck und ohne Druck auf das Werkst\u00fcck<\/h3>\n<\/li>\n<\/ul>\n<h1>Glattwalzeisen<\/h1>\n<ul>\n<li>\n<div>\n<p>Diese Glattwalzeisen dienen zum gl\u00e4tten von Durchmessern.<\/p>\n<\/div>\n<\/li>\n<li>\n<div>\n<p>Sie arbeiten ohne radialen Druck und kein Druck wird auf das Werkst\u00fcck ausge\u00fcbt, auch bei kleinen Durchmessern.<\/p>\n<\/div>\n<\/li>\n<li>\n<div>\n<p>Die drei Walzrollen ergeben eine bessere Oberfl\u00e4cheng\u00fcte, ohne jedoch die Geometrie nach der Drehoperation zu verbessern.<\/p>\n<\/div>\n<\/li>\n<li>\n<div>\n<p>Sie folgen dieser Geometrie. Aus diesem Grunde ist ein korrektes konzentrisches und zylindrisches Drehen von Wichtigkeit.<\/p>\n<\/div>\n<\/li>\n<li>\n<div>\n<p>Die Umfangsgeschwindigkeit des Werkst\u00fcckes wird ca. 20 m\/min betragen. Diese Geschwindigkeit verringert sich jedoch, falls das Material besonders hart ist.<\/p>\n<\/div>\n<\/li>\n<li>\n<div>\n<p>Der Richtwert f\u00fcr den Vorschub betr\u00e4gt 0.2 bis 0.5 mm\/Umdrehung.<\/p>\n<\/div>\n<\/li>\n<\/ul>\n<hr>\n<h4>Rolleisenhalter, verstellbar<\/h4>\n<ul>\n<li>\n<div>\n<p>Die Rolleisenhalter, Typ R, erlauben alle unsere verstellbaren Rolleisen auf jeden Langdrehautomaten einzusetzen.<\/p>\n<\/div>\n<\/li>\n<li>\n<div>\n<p>Die Montage erfolgt, je nach dem einzelnen Fall, mit einer Spannzange oder direkt im Geh\u00e4use, mit einem Spannkonus.<\/p>\n<\/div>\n<\/li>\n<\/ul>\n<h2>Technische Dokumentation<\/h2>\n<div>\n<p>Hier finden Sie alle unsere Bedienungsanleitungen in verschiedenen Sprachen<\/p>\n<\/div>\n<ul>\n<li>\n<h3>Bedienungsanleitung auf Franz\u00f6sisch<\/h3>\n<p><a href=\"\/wp-content\/uploads\/2021\/04\/1_IS_FG_F.pdf\">Herunterladen&nbsp;&nbsp;<span uk-icon=\"cloud-download\" class=\"uk-icon\"><svg width=\"20\" height=\"20\" viewBox=\"0 0 20 20\" xmlns=\"http:\/\/www.w3.org\/2000\/svg\"><path fill=\"none\" stroke=\"#000\" stroke-width=\"1.1\" d=\"M6.5,14.61 L3.75,14.61 C1.96,14.61 0.5,13.17 0.5,11.39 C0.5,9.76 1.72,8.41 3.3,8.2 C3.38,5.31 5.75,3 8.68,3 C11.19,3 13.31,4.71 13.89,7.02 C14.39,6.8 14.93,6.68 15.5,6.68 C17.71,6.68 19.5,8.45 19.5,10.64 C19.5,12.83 17.71,14.6 15.5,14.6 L12.5,14.6\"><\/path><polyline fill=\"none\" stroke=\"#000\" points=\"11.75 16 9.5 18.25 7.25 16\"><\/polyline><path fill=\"none\" stroke=\"#000\" d=\"M9.5,18 L9.5,9.5\"><\/path><\/svg><\/span><\/a><\/p>\n<\/li>\n<li>\n<h3>Bedienungsanleitung auf Deutsch<\/h3>\n<p><a href=\"\/wp-content\/uploads\/2021\/04\/2_IS_FG_D.pdf\">Herunterladen&nbsp;&nbsp;<span uk-icon=\"cloud-download\" class=\"uk-icon\"><svg width=\"20\" height=\"20\" viewBox=\"0 0 20 20\" xmlns=\"http:\/\/www.w3.org\/2000\/svg\"><path fill=\"none\" stroke=\"#000\" stroke-width=\"1.1\" d=\"M6.5,14.61 L3.75,14.61 C1.96,14.61 0.5,13.17 0.5,11.39 C0.5,9.76 1.72,8.41 3.3,8.2 C3.38,5.31 5.75,3 8.68,3 C11.19,3 13.31,4.71 13.89,7.02 C14.39,6.8 14.93,6.68 15.5,6.68 C17.71,6.68 19.5,8.45 19.5,10.64 C19.5,12.83 17.71,14.6 15.5,14.6 L12.5,14.6\"><\/path><polyline fill=\"none\" stroke=\"#000\" points=\"11.75 16 9.5 18.25 7.25 16\"><\/polyline><path fill=\"none\" stroke=\"#000\" d=\"M9.5,18 L9.5,9.5\"><\/path><\/svg><\/span><\/a><\/p>\n<\/li>\n<li>\n<h3>Bedienungsanleitung auf Englisch<\/h3>\n<p><a href=\"\/wp-content\/uploads\/2021\/04\/3_IS_FG_E.pdf\">Herunterladen&nbsp;&nbsp;<span uk-icon=\"cloud-download\" class=\"uk-icon\"><svg width=\"20\" height=\"20\" viewBox=\"0 0 20 20\" xmlns=\"http:\/\/www.w3.org\/2000\/svg\"><path fill=\"none\" stroke=\"#000\" stroke-width=\"1.1\" d=\"M6.5,14.61 L3.75,14.61 C1.96,14.61 0.5,13.17 0.5,11.39 C0.5,9.76 1.72,8.41 3.3,8.2 C3.38,5.31 5.75,3 8.68,3 C11.19,3 13.31,4.71 13.89,7.02 C14.39,6.8 14.93,6.68 15.5,6.68 C17.71,6.68 19.5,8.45 19.5,10.64 C19.5,12.83 17.71,14.6 15.5,14.6 L12.5,14.6\"><\/path><polyline fill=\"none\" stroke=\"#000\" points=\"11.75 16 9.5 18.25 7.25 16\"><\/polyline><path fill=\"none\" stroke=\"#000\" d=\"M9.5,18 L9.5,9.5\"><\/path><\/svg><\/span><\/a><\/p>\n<\/li>\n<li>\n<h3>Bedienungsanleitung auf Italienisch<\/h3>\n<p><a href=\"\/wp-content\/uploads\/2021\/04\/4_IS_FG_I.pdf\">Herunterladen&nbsp;&nbsp;<span uk-icon=\"cloud-download\" class=\"uk-icon\"><svg width=\"20\" height=\"20\" viewBox=\"0 0 20 20\" xmlns=\"http:\/\/www.w3.org\/2000\/svg\"><path fill=\"none\" stroke=\"#000\" stroke-width=\"1.1\" d=\"M6.5,14.61 L3.75,14.61 C1.96,14.61 0.5,13.17 0.5,11.39 C0.5,9.76 1.72,8.41 3.3,8.2 C3.38,5.31 5.75,3 8.68,3 C11.19,3 13.31,4.71 13.89,7.02 C14.39,6.8 14.93,6.68 15.5,6.68 C17.71,6.68 19.5,8.45 19.5,10.64 C19.5,12.83 17.71,14.6 15.5,14.6 L12.5,14.6\"><\/path><polyline fill=\"none\" stroke=\"#000\" points=\"11.75 16 9.5 18.25 7.25 16\"><\/polyline><path fill=\"none\" stroke=\"#000\" d=\"M9.5,18 L9.5,9.5\"><\/path><\/svg><\/span><\/a><\/p>\n<\/li>\n<\/ul>\n<h2>Zus\u00e4tzliche Hinweise<\/h2>\n<div>\n<p>Kapazit\u00e4ten in folgenden Gr\u00f6ssen: <br \/>Durchmesser nach dem Feinrollen: von 0.50 bis 12.40 mm<\/p>\n<p>Die Gr\u00f6ssen der Glattwalzeisen sind per Zehntel verf\u00fcgbar.<\/p>\n<p>Das Glattwalzverfahren verbessert die Oberfl\u00e4cheng\u00fcte, berichtigt aber den Durchmesser nicht.<\/p>\n<\/div>\n<p>\n    <a href=\"\/contact\">Kontaktieren Sie uns&nbsp;<\/a>\n<\/p>\n<p><!--more--><br \/>\n<!-- {\"name\":\"Moletage\",\"type\":\"layout\",\"children\":[{\"type\":\"section\",\"props\":{\"style\":\"secondary\",\"width\":\"\",\"vertical_align\":\"middle\",\"title_position\":\"top-left\",\"title_rotation\":\"left\",\"title_breakpoint\":\"xl\",\"image_position\":\"center-center\",\"padding\":\"none\",\"padding_remove_top\":false,\"padding_remove_bottom\":false,\"preserve_color\":false,\"header_transparent\":\"light\"},\"children\":[{\"type\":\"row\",\"props\":{\"layout\":\"1-2,1-2\",\"column_gap\":\"collapse\",\"row_gap\":\"collapse\",\"width\":\"xlarge\",\"padding_remove_horizontal\":true},\"children\":[{\"type\":\"column\",\"props\":{\"image_position\":\"center-center\",\"media_overlay_gradient\":\"\",\"vertical_align\":\"middle\",\"style\":\"muted\",\"width_medium\":\"1-2\",\"preserve_color\":false,\"position_sticky_breakpoint\":\"m\"},\"children\":[{\"type\":\"text\",\"props\":{\"margin\":\"default\",\"column_breakpoint\":\"m\",\"text_style\":\"meta\",\"maxwidth\":\"xlarge\",\"block_align_breakpoint\":\"m\",\"block_align_fallback\":\"center\",\"text_align\":\"left\",\"text_align_breakpoint\":\"m\",\"text_align_fallback\":\"center\",\"content\":\"\n\n<p>GLATTWALZWERKZEUGE<\\\/p>\",\"margin_remove_bottom\":false}},{\"type\":\"headline\",\"props\":{\"title_element\":\"h2\",\"title_style\":\"h1\",\"margin\":\"small\",\"maxwidth\":\"xlarge\",\"block_align_breakpoint\":\"m\",\"block_align_fallback\":\"center\",\"text_align\":\"left\",\"text_align_breakpoint\":\"m\",\"text_align_fallback\":\"center\",\"content\":\"Glattwalzeisen\"}},{\"type\":\"text\",\"props\":{\"margin\":\"medium\",\"column_breakpoint\":\"m\",\"maxwidth\":\"large\",\"block_align_breakpoint\":\"m\",\"block_align_fallback\":\"center\",\"text_align\":\"left\",\"text_align_breakpoint\":\"m\",\"text_align_fallback\":\"center\",\"content\":\"\n\n<p>Ergeben eine bessere Oberfl\\u00e4cheng\\u00fcte.<br \\\/>Dienen zum gl\\u00e4tten von Durchmessern, ohne jedoch die Geometrie zu verbessern.<br \\\/>\\u00a0<br \\\/>\\u00a0<\\\/p>\"}}]},{\"type\":\"column\",\"props\":{\"image_position\":\"center-center\",\"media_overlay_gradient\":\"\",\"vertical_align\":\"middle\",\"style\":\"default\",\"padding\":\"none\",\"width_medium\":\"1-2\",\"order_first\":\"m\",\"position_sticky_breakpoint\":\"m\"},\"children\":[{\"type\":\"image\",\"props\":{\"margin\":\"default\",\"image_svg_color\":\"emphasis\",\"image\":\"wp-content\\\/uploads\\\/2021\\\/10\\\/PIeces-3-scaled.jpg\",\"image_width\":\"800\",\"text_align\":\"center\"}}]}]}],\"name\":\"Hero\"},{\"type\":\"section\",\"props\":{\"style\":\"secondary\",\"width\":\"expand\",\"vertical_align\":\"middle\",\"title_position\":\"top-left\",\"title_rotation\":\"left\",\"title_breakpoint\":\"xl\",\"image_position\":\"center-center\",\"padding_remove_top\":false,\"padding_remove_bottom\":false,\"image\":\"wp-content\\\/uploads\\\/2021\\\/03\\\/home-hero-bg.svg\",\"image_effect\":\"parallax\",\"image_parallax_bgx_end\":\"300\",\"image_parallax_bgy_start\":\"-300\",\"image_size\":\"cover\"},\"children\":[{\"type\":\"row\",\"props\":{\"column_gap\":\"small\",\"row_gap\":\"small\",\"width\":\"xlarge\",\"padding_remove_horizontal\":true,\"match\":false},\"children\":[{\"type\":\"column\",\"props\":{\"image_position\":\"center-center\",\"media_overlay_gradient\":\"\",\"padding\":\"small\",\"width_medium\":\"1-1\",\"preserve_color\":false,\"vertical_align\":\"middle\",\"position_sticky_breakpoint\":\"m\"},\"children\":[{\"type\":\"headline\",\"props\":{\"title_element\":\"h1\",\"text_align\":\"center\",\"content\":\"Hauptvorteile\",\"margin_remove_bottom\":false,\"title_decoration\":\"line\"}},{\"type\":\"grid\",\"props\":{\"show_title\":true,\"show_meta\":true,\"show_content\":true,\"show_image\":true,\"show_link\":true,\"grid_default\":\"1\",\"grid_medium\":\"3\",\"filter_style\":\"tab\",\"filter_all\":true,\"filter_position\":\"top\",\"filter_align\":\"left\",\"filter_grid_width\":\"auto\",\"filter_grid_breakpoint\":\"m\",\"title_hover_style\":\"reset\",\"title_element\":\"h3\",\"title_align\":\"top\",\"title_grid_width\":\"1-2\",\"title_grid_breakpoint\":\"m\",\"meta_style\":\"meta\",\"meta_align\":\"above-title\",\"image_align\":\"top\",\"image_grid_width\":\"1-2\",\"image_grid_breakpoint\":\"m\",\"image_svg_color\":\"emphasis\",\"link_text\":\"Read more\",\"link_style\":\"default\",\"margin\":\"large\",\"item_animation\":true,\"grid_column_gap\":\"large\",\"grid_row_gap\":\"large\",\"item_maxwidth\":\"medium\",\"title_style\":\"h4\",\"title_margin\":\"small\",\"text_align\":\"center\",\"grid_divider\":true,\"image_svg_inline\":true,\"icon_width\":80,\"meta_element\":\"div\",\"content_column_breakpoint\":\"m\",\"grid_small\":\"1\",\"text_align_fallback\":\"center\",\"grid_column_align\":false,\"grid_row_align\":false},\"children\":[{\"type\":\"grid_item\",\"props\":{\"title\":\"Erlauben die Gl\\u00e4ttung des Durchmessers\",\"content\":\"\",\"image\":\"\",\"meta\":\"\",\"icon\":\"\"}},{\"type\":\"grid_item\",\"props\":{\"title\":\"Die 3 Rollen ergeben bessere Oberfl\\u00e4cheng\\u00fcte\",\"content\":\"\",\"image\":\"\",\"meta\":\"\",\"icon\":\"\"}},{\"type\":\"grid_item\",\"props\":{\"title\":\"Arbeiten ohne radialen Druck und ohne Druck auf das Werkst\\u00fcck\",\"content\":\"\",\"image\":\"\",\"meta\":\"\",\"icon\":\"\"}}]}]}]}],\"name\":\"Avantages\"},{\"type\":\"section\",\"props\":{\"style\":\"secondary\",\"width\":\"xlarge\",\"vertical_align\":\"middle\",\"title_position\":\"top-left\",\"title_rotation\":\"left\",\"title_breakpoint\":\"xl\",\"image_position\":\"center-center\",\"padding\":\"xsmall\",\"padding_remove_top\":false,\"image\":\"\",\"preserve_color\":false},\"children\":[{\"type\":\"row\",\"children\":[{\"type\":\"column\",\"props\":{\"image_position\":\"center-center\",\"media_overlay_gradient\":\"\",\"style\":\"muted\",\"padding\":\"small\",\"preserve_color\":false,\"width_medium\":\"\",\"position_sticky_breakpoint\":\"m\"},\"children\":[{\"type\":\"headline\",\"props\":{\"title_element\":\"h1\",\"content\":\"Glattwalzeisen\"}},{\"type\":\"list\",\"props\":{\"show_image\":true,\"show_link\":true,\"list_element\":\"ul\",\"column_breakpoint\":\"m\",\"image_svg_color\":\"emphasis\",\"image_align\":\"left\",\"image_vertical_align\":true,\"list_marker\":\"\",\"icon\":\"chevron-right\"},\"children\":[{\"type\":\"list_item\",\"props\":{\"content\":\"\n\n<p>Diese Glattwalzeisen dienen zum gl\\u00e4tten von Durchmessern.<\\\/p>\"}},{\"type\":\"list_item\",\"props\":{\"content\":\"\n\n<p>Sie arbeiten ohne radialen Druck und kein Druck wird auf das Werkst\\u00fcck ausge\\u00fcbt, auch bei kleinen Durchmessern.<\\\/p>\"}},{\"type\":\"list_item\",\"props\":{\"content\":\"\n\n<p>Die drei Walzrollen ergeben eine bessere Oberfl\\u00e4cheng\\u00fcte, ohne jedoch die Geometrie nach der Drehoperation zu verbessern.<\\\/p>\"}},{\"type\":\"list_item\",\"props\":{\"content\":\"\n\n<p>Sie folgen dieser Geometrie. Aus diesem Grunde ist ein korrektes konzentrisches und zylindrisches Drehen von Wichtigkeit.<\\\/p>\"}},{\"type\":\"list_item\",\"props\":{\"content\":\"\n\n<p>Die Umfangsgeschwindigkeit des Werkst\\u00fcckes wird ca. 20 m\\\/min betragen. Diese Geschwindigkeit verringert sich jedoch, falls das Material besonders hart ist.<\\\/p>\"}},{\"type\":\"list_item\",\"props\":{\"content\":\"\n\n<p>Der Richtwert f\\u00fcr den Vorschub betr\\u00e4gt 0.2 bis 0.5 mm\\\/Umdrehung.<\\\/p>\"}}]},{\"type\":\"divider\",\"props\":{\"divider_element\":\"hr\"}},{\"type\":\"headline\",\"props\":{\"title_element\":\"h4\",\"content\":\"Rolleisenhalter, verstellbar\"}},{\"type\":\"list\",\"props\":{\"show_image\":true,\"show_link\":true,\"list_element\":\"ul\",\"column_breakpoint\":\"m\",\"image_svg_color\":\"emphasis\",\"image_align\":\"left\",\"image_vertical_align\":true,\"list_marker\":\"\",\"icon\":\"chevron-right\"},\"children\":[{\"type\":\"list_item\",\"props\":{\"content\":\"\n\n<p>Die Rolleisenhalter, Typ R, erlauben alle unsere verstellbaren Rolleisen auf jeden Langdrehautomaten einzusetzen.<\\\/p>\"}},{\"type\":\"list_item\",\"props\":{\"content\":\"\n\n<p>Die Montage erfolgt, je nach dem einzelnen Fall, mit einer Spannzange oder direkt im Geh\\u00e4use, mit einem Spannkonus.<\\\/p>\"}}]}]}],\"props\":{\"width\":\"xlarge\",\"margin_remove_top\":false,\"margin_remove_bottom\":false,\"column_gap\":\"small\",\"row_gap\":\"collapse\",\"match\":false}}],\"name\":\"Produits\"},{\"type\":\"section\",\"props\":{\"style\":\"secondary\",\"width\":\"xlarge\",\"vertical_align\":\"middle\",\"title_position\":\"top-left\",\"title_rotation\":\"left\",\"title_breakpoint\":\"xl\",\"image_position\":\"center-center\",\"preserve_color\":true,\"padding\":\"small\",\"padding_remove_bottom\":false,\"padding_remove_top\":false},\"children\":[{\"type\":\"row\",\"props\":{\"layout\":\"1-2,1-2\",\"column_gap\":\"collapse\",\"row_gap\":\"collapse\",\"width\":\"xlarge\",\"class\":\"\",\"id\":\"faq\",\"padding_remove_horizontal\":false},\"children\":[{\"type\":\"column\",\"props\":{\"image_position\":\"center-center\",\"media_overlay_gradient\":\"\",\"width_medium\":\"1-2\",\"vertical_align\":\"middle\",\"style\":\"default\",\"position_sticky_breakpoint\":\"m\"},\"children\":[{\"type\":\"headline\",\"props\":{\"title_element\":\"h2\",\"title_style\":\"h1\",\"maxwidth\":\"large\",\"block_align_breakpoint\":\"m\",\"block_align_fallback\":\"center\",\"text_align\":\"left\",\"text_align_breakpoint\":\"m\",\"text_align_fallback\":\"center\",\"content\":\"Technische Dokumentation\"}},{\"type\":\"text\",\"props\":{\"margin\":\"default\",\"column_breakpoint\":\"m\",\"maxwidth\":\"xlarge\",\"maxwidth_breakpoint\":\"s\",\"block_align_breakpoint\":\"m\",\"block_align_fallback\":\"center\",\"text_align\":\"left\",\"text_align_breakpoint\":\"m\",\"text_align_fallback\":\"center\",\"content\":\"\n\n<p>Hier finden Sie alle unsere Bedienungsanleitungen in verschiedenen Sprachen<\\\/p>\"}}]},{\"type\":\"column\",\"props\":{\"image_position\":\"center-center\",\"media_overlay_gradient\":\"\",\"width_medium\":\"1-2\",\"vertical_align\":\"middle\",\"style\":\"primary\",\"preserve_color\":false,\"position_sticky_breakpoint\":\"m\"},\"children\":[{\"type\":\"accordion\",\"props\":{\"show_image\":false,\"show_link\":true,\"collapsible\":true,\"image_svg_color\":\"emphasis\",\"image_align\":\"top\",\"image_grid_width\":\"1-2\",\"image_grid_breakpoint\":\"m\",\"link_text\":\"Herunterladen&nbsp;&nbsp;<span uk-icon=\\\"cloud-download\\\" class=\\\"uk-icon\\\"><svg width=\\\"20\\\" height=\\\"20\\\" viewBox=\\\"0 0 20 20\\\" xmlns=\\\"http:\\\/\\\/www.w3.org\\\/2000\\\/svg\\\"><path fill=\\\"none\\\" stroke=\\\"#000\\\" stroke-width=\\\"1.1\\\" d=\\\"M6.5,14.61 L3.75,14.61 C1.96,14.61 0.5,13.17 0.5,11.39 C0.5,9.76 1.72,8.41 3.3,8.2 C3.38,5.31 5.75,3 8.68,3 C11.19,3 13.31,4.71 13.89,7.02 C14.39,6.8 14.93,6.68 15.5,6.68 C17.71,6.68 19.5,8.45 19.5,10.64 C19.5,12.83 17.71,14.6 15.5,14.6 L12.5,14.6\\\"><\\\/path><polyline fill=\\\"none\\\" stroke=\\\"#000\\\" points=\\\"11.75 16 9.5 18.25 7.25 16\\\"><\\\/polyline><path fill=\\\"none\\\" stroke=\\\"#000\\\" d=\\\"M9.5,18 L9.5,9.5\\\"><\\\/path><\\\/svg><\\\/span>\",\"link_style\":\"default\",\"block_align\":\"right\",\"block_align_breakpoint\":\"m\",\"block_align_fallback\":\"center\",\"multiple\":false,\"content_column_breakpoint\":\"m\",\"link_target\":true,\"content_column\":\"\"},\"children\":[{\"type\":\"accordion_item\",\"props\":{\"title\":\"Bedienungsanleitung auf Franz\\u00f6sisch\",\"content\":\"\",\"link\":\"\\\/wp-content\\\/uploads\\\/2021\\\/04\\\/1_IS_FG_F.pdf\",\"image\":\"\"}},{\"type\":\"accordion_item\",\"props\":{\"title\":\"Bedienungsanleitung auf Deutsch\",\"content\":\"\",\"link\":\"\\\/wp-content\\\/uploads\\\/2021\\\/04\\\/2_IS_FG_D.pdf\",\"image\":\"\"}},{\"type\":\"accordion_item\",\"props\":{\"title\":\"Bedienungsanleitung auf Englisch\",\"content\":\"\",\"link\":\"\\\/wp-content\\\/uploads\\\/2021\\\/04\\\/3_IS_FG_E.pdf\",\"image\":\"\"}},{\"type\":\"accordion_item\",\"props\":{\"title\":\"Bedienungsanleitung auf Italienisch\",\"content\":\"\",\"link\":\"\\\/wp-content\\\/uploads\\\/2021\\\/04\\\/4_IS_FG_I.pdf\",\"image\":\"\"}}]}]}]}],\"name\":\"Doc. technique\"},{\"type\":\"section\",\"props\":{\"style\":\"secondary\",\"width\":\"xlarge\",\"vertical_align\":\"middle\",\"title_position\":\"top-left\",\"title_rotation\":\"left\",\"title_breakpoint\":\"xl\",\"image_position\":\"center-center\",\"padding_remove_bottom\":false,\"preserve_color\":true,\"overlap\":false,\"padding\":\"xsmall\"},\"children\":[{\"type\":\"row\",\"props\":{\"margin_remove_bottom\":true,\"id\":\"contact\",\"padding_remove_horizontal\":true},\"children\":[{\"type\":\"column\",\"props\":{\"image_position\":\"center-center\",\"media_overlay_gradient\":\"\",\"text_color\":\"light\",\"image\":\"\",\"image_size\":\"cover\",\"image_width\":\"1600\",\"width_medium\":\"1-1\",\"style\":\"default\",\"vertical_align\":\"middle\",\"position_sticky_breakpoint\":\"m\"},\"children\":[{\"type\":\"headline\",\"props\":{\"title_element\":\"h2\",\"text_align\":\"center\",\"content\":\"Zus\\u00e4tzliche Hinweise\",\"link\":\"\"}},{\"type\":\"text\",\"props\":{\"margin\":\"default\",\"column_breakpoint\":\"m\",\"maxwidth\":\"xlarge\",\"block_align\":\"center\",\"text_align\":\"center\",\"content\":\"\n\n<p>Kapazit\\u00e4ten in folgenden Gr\\u00f6ssen: <br \\\/>Durchmesser nach dem Feinrollen: von 0.50 bis 12.40 mm<\\\/p>\\n\n\n<p>Die Gr\\u00f6ssen der Glattwalzeisen sind per Zehntel verf\\u00fcgbar.<\\\/p>\\n\n\n<p>Das Glattwalzverfahren verbessert die Oberfl\\u00e4cheng\\u00fcte, berichtigt aber den Durchmesser nicht.<\\\/p>\"}},{\"type\":\"button\",\"props\":{\"grid_column_gap\":\"small\",\"grid_row_gap\":\"small\",\"margin\":\"medium\",\"text_align\":\"center\"},\"children\":[{\"type\":\"button_item\",\"props\":{\"button_style\":\"primary\",\"icon_align\":\"right\",\"content\":\"Kontaktieren Sie uns&nbsp;\",\"link\":\"\\\/contact\",\"icon\":\"info\"}}]}]}]}],\"name\":\"Sur demande\"}],\"version\":\"2.7.5\"} --><\/p>\n","protected":false},"excerpt":{"rendered":"<p>GLATTWALZWERKZEUGE Glattwalzeisen Ergeben eine bessere Oberfl\u00e4cheng\u00fcte.Dienen zum gl\u00e4tten von Durchmessern, ohne jedoch die Geometrie zu verbessern.\u00a0\u00a0 Hauptvorteile Erlauben die Gl\u00e4ttung des Durchmessers Die 3 Rollen ergeben bessere Oberfl\u00e4cheng\u00fcte Arbeiten ohne radialen Druck und ohne Druck auf das Werkst\u00fcck Glattwalzeisen Diese Glattwalzeisen dienen zum gl\u00e4tten von Durchmessern. Sie arbeiten ohne radialen Druck und kein Druck wird [&hellip;]<\/p>\n","protected":false},"author":1,"featured_media":0,"parent":0,"menu_order":0,"comment_status":"closed","ping_status":"closed","template":"","meta":{"footnotes":""},"class_list":["post-783","page","type-page","status-publish","hentry"],"_links":{"self":[{"href":"https:\/\/www.habegger-sa.com\/de\/wp-json\/wp\/v2\/pages\/783","targetHints":{"allow":["GET"]}}],"collection":[{"href":"https:\/\/www.habegger-sa.com\/de\/wp-json\/wp\/v2\/pages"}],"about":[{"href":"https:\/\/www.habegger-sa.com\/de\/wp-json\/wp\/v2\/types\/page"}],"author":[{"embeddable":true,"href":"https:\/\/www.habegger-sa.com\/de\/wp-json\/wp\/v2\/users\/1"}],"replies":[{"embeddable":true,"href":"https:\/\/www.habegger-sa.com\/de\/wp-json\/wp\/v2\/comments?post=783"}],"version-history":[{"count":33,"href":"https:\/\/www.habegger-sa.com\/de\/wp-json\/wp\/v2\/pages\/783\/revisions"}],"predecessor-version":[{"id":1546,"href":"https:\/\/www.habegger-sa.com\/de\/wp-json\/wp\/v2\/pages\/783\/revisions\/1546"}],"wp:attachment":[{"href":"https:\/\/www.habegger-sa.com\/de\/wp-json\/wp\/v2\/media?parent=783"}],"curies":[{"name":"wp","href":"https:\/\/api.w.org\/{rel}","templated":true}]}}