{"id":817,"date":"2021-04-15T11:37:42","date_gmt":"2021-04-15T09:37:42","guid":{"rendered":"https:\/\/habegger.toggle.ch\/tetes-a-moleter\/"},"modified":"2021-12-02T15:32:02","modified_gmt":"2021-12-02T14:32:02","slug":"randrierkoepfe","status":"publish","type":"page","link":"https:\/\/www.habegger-sa.com\/de\/randrierkoepfe\/","title":{"rendered":"Randrierk\u00f6pfe"},"content":{"rendered":"<div>\n<p>RANDRIERWERKZEUGE<\/p>\n<\/div>\n<h2>Randrierk\u00f6pfe<\/h2>\n<div>\n<p>Gerades oder gekreuztes Randrieren, in der Mitte eines Werkst\u00fcckes oder hinter einer Schulter.<br \/>Kein radialer Schub auf Zange oder F\u00fchrungsb\u00fcchse.<\/p>\n<\/div>\n<p><img decoding=\"async\" src=\"\/wp-content\/uploads\/2021\/10\/PIeces-10-scaled.jpg\" alt=\"\"><\/p>\n<h1>Hauptvorteile<\/h1>\n<ul>\n<li>\n<h3>Qualit\u00e4t der Randrierung<\/h3>\n<\/li>\n<li>\n<h3>Gerades oder gekreuztes Randrieren<br \/>30\u00b0 oder 45\u00b0<\/h3>\n<\/li>\n<li>\n<h3>Kein radialer Schub auf Zange<br \/>Kein Druck auf das Werkst\u00fcck <\/h3>\n<\/li>\n<\/ul>\n<h1>Randrierk\u00f6pfe<\/h1>\n<ul>\n<li>\n<div>\n<p>Diese Randrierk\u00f6pfe erlauben gerades oder gekreuztes Randrieren (30\u00b0 oder 45\u00b0), in der Mitte eines Werkst\u00fcckes oder hinter einer Schulter<\/p>\n<\/div>\n<\/li>\n<li>\n<div>\n<p>Beim Randrieren erfolgt kein radialer Druck auf das Werkst\u00fcck.<\/p>\n<\/div>\n<\/li>\n<li>\n<div>\n<p>Der Randrierkopf MOJ greift auf das Werkst\u00fcck in offener Position. Das Schliessen erfolgt durch eine Wirkung auf den Hebel. Man verwendet hierzu einen Schlitten der Maschine. Diese Einstech-Bewegung auf den Hebel sollte nicht mehr als 1 Sekunde dauern.<\/p>\n<\/div>\n<\/li>\n<li>\n<div>\n<p><span role=\"presentation\" dir=\"ltr\">Die Randrierung erfolgt durch Umformung des Materials. Deshalb vergr\u00f6ssert sich <\/span><br role=\"presentation\" \/><span role=\"presentation\" dir=\"ltr\">der Durchmesser vor der Randrierung, um 25 bis 35 % des Wertes der Teilung, je <\/span><span role=\"presentation\" dir=\"ltr\">nach dem bearbeiteten Material. Diese Werte sind direkt mit der <\/span><span role=\"presentation\" dir=\"ltr\">Widerstandsf\u00e4higkeit des Werkstoffes verbunden.<\/span><\/p>\n<\/div>\n<\/li>\n<li>\n<div>\n<p>Der Randrier-Durchmesser ist in direkter Beziehung zur Position des Hebels des MOJ-Kopfes, also des Schlittens.<\/p>\n<\/div>\n<\/li>\n<\/ul>\n<h2>Technische Dokumentation<\/h2>\n<div>\n<p>Hier finden Sie alle unsere Bedienungsanleitungen in verschiedenen Sprachen<\/p>\n<\/div>\n<ul>\n<li>\n<h3>Bedienungsanleitung auf Franz\u00f6sisch<\/h3>\n<p><a href=\"\/wp-content\/uploads\/2021\/04\/1_IS_MOJ_F.pdf\">Herunterladen&nbsp;&nbsp;<span uk-icon=\"cloud-download\" class=\"uk-icon\"><svg width=\"20\" height=\"20\" viewBox=\"0 0 20 20\" xmlns=\"http:\/\/www.w3.org\/2000\/svg\"><path fill=\"none\" stroke=\"#000\" stroke-width=\"1.1\" d=\"M6.5,14.61 L3.75,14.61 C1.96,14.61 0.5,13.17 0.5,11.39 C0.5,9.76 1.72,8.41 3.3,8.2 C3.38,5.31 5.75,3 8.68,3 C11.19,3 13.31,4.71 13.89,7.02 C14.39,6.8 14.93,6.68 15.5,6.68 C17.71,6.68 19.5,8.45 19.5,10.64 C19.5,12.83 17.71,14.6 15.5,14.6 L12.5,14.6\"><\/path><polyline fill=\"none\" stroke=\"#000\" points=\"11.75 16 9.5 18.25 7.25 16\"><\/polyline><path fill=\"none\" stroke=\"#000\" d=\"M9.5,18 L9.5,9.5\"><\/path><\/svg><\/span><\/a><\/p>\n<\/li>\n<li>\n<h3>Bedienungsanleitung auf Deutsch<\/h3>\n<p><a href=\"\/wp-content\/uploads\/2021\/04\/2_IS_MOJ_D.pdf\">Herunterladen&nbsp;&nbsp;<span uk-icon=\"cloud-download\" class=\"uk-icon\"><svg width=\"20\" height=\"20\" viewBox=\"0 0 20 20\" xmlns=\"http:\/\/www.w3.org\/2000\/svg\"><path fill=\"none\" stroke=\"#000\" stroke-width=\"1.1\" d=\"M6.5,14.61 L3.75,14.61 C1.96,14.61 0.5,13.17 0.5,11.39 C0.5,9.76 1.72,8.41 3.3,8.2 C3.38,5.31 5.75,3 8.68,3 C11.19,3 13.31,4.71 13.89,7.02 C14.39,6.8 14.93,6.68 15.5,6.68 C17.71,6.68 19.5,8.45 19.5,10.64 C19.5,12.83 17.71,14.6 15.5,14.6 L12.5,14.6\"><\/path><polyline fill=\"none\" stroke=\"#000\" points=\"11.75 16 9.5 18.25 7.25 16\"><\/polyline><path fill=\"none\" stroke=\"#000\" d=\"M9.5,18 L9.5,9.5\"><\/path><\/svg><\/span><\/a><\/p>\n<\/li>\n<li>\n<h3>Bedienungsanleitung auf Englisch<\/h3>\n<p><a href=\"\/wp-content\/uploads\/2021\/04\/3_IS_MOJ_E.pdf\">Herunterladen&nbsp;&nbsp;<span uk-icon=\"cloud-download\" class=\"uk-icon\"><svg width=\"20\" height=\"20\" viewBox=\"0 0 20 20\" xmlns=\"http:\/\/www.w3.org\/2000\/svg\"><path fill=\"none\" stroke=\"#000\" stroke-width=\"1.1\" d=\"M6.5,14.61 L3.75,14.61 C1.96,14.61 0.5,13.17 0.5,11.39 C0.5,9.76 1.72,8.41 3.3,8.2 C3.38,5.31 5.75,3 8.68,3 C11.19,3 13.31,4.71 13.89,7.02 C14.39,6.8 14.93,6.68 15.5,6.68 C17.71,6.68 19.5,8.45 19.5,10.64 C19.5,12.83 17.71,14.6 15.5,14.6 L12.5,14.6\"><\/path><polyline fill=\"none\" stroke=\"#000\" points=\"11.75 16 9.5 18.25 7.25 16\"><\/polyline><path fill=\"none\" stroke=\"#000\" d=\"M9.5,18 L9.5,9.5\"><\/path><\/svg><\/span><\/a><\/p>\n<\/li>\n<li>\n<h3>Bedienungsanleitung auf Italienisch<\/h3>\n<p><a href=\"\/wp-content\/uploads\/2021\/04\/4_IS_MOJ_I.pdf\">Herunterladen&nbsp;&nbsp;<span uk-icon=\"cloud-download\" class=\"uk-icon\"><svg width=\"20\" height=\"20\" viewBox=\"0 0 20 20\" xmlns=\"http:\/\/www.w3.org\/2000\/svg\"><path fill=\"none\" stroke=\"#000\" stroke-width=\"1.1\" d=\"M6.5,14.61 L3.75,14.61 C1.96,14.61 0.5,13.17 0.5,11.39 C0.5,9.76 1.72,8.41 3.3,8.2 C3.38,5.31 5.75,3 8.68,3 C11.19,3 13.31,4.71 13.89,7.02 C14.39,6.8 14.93,6.68 15.5,6.68 C17.71,6.68 19.5,8.45 19.5,10.64 C19.5,12.83 17.71,14.6 15.5,14.6 L12.5,14.6\"><\/path><polyline fill=\"none\" stroke=\"#000\" points=\"11.75 16 9.5 18.25 7.25 16\"><\/polyline><path fill=\"none\" stroke=\"#000\" d=\"M9.5,18 L9.5,9.5\"><\/path><\/svg><\/span><\/a><\/p>\n<\/li>\n<\/ul>\n<h2>Ben\u00f6tigte Informationen f\u00fcr Ihre Anfragen<\/h2>\n<div>\n<p>Der Durchmesser nach dem Randrieren (auf dem h\u00f6chsten Punkt der Z\u00e4hne gemessen), sowie die Mini- und Maxitoleranzen sind entsprechend.<\/p>\n<p>Die gew\u00fcnschte Teilung. Diese muss vom Anwender bestimmt werden.<\/p>\n<p>Die Art des Werkstoffes.<\/p>\n<p>Da die Randrierungen nicht normalisiert sind, bitten wir die Wahl des Randrierkopfes mit uns zu besprechen.<br \/>\u00a0<\/p>\n<\/div>\n<p>\n    <a href=\"\/contact\">Kontaktieren Sie uns&nbsp;<\/a>\n<\/p>\n<p><!--more--><br \/>\n<!-- {\"name\":\"Moletage\",\"type\":\"layout\",\"children\":[{\"type\":\"section\",\"props\":{\"style\":\"secondary\",\"width\":\"\",\"vertical_align\":\"middle\",\"title_position\":\"top-left\",\"title_rotation\":\"left\",\"title_breakpoint\":\"xl\",\"image_position\":\"center-center\",\"padding\":\"none\",\"padding_remove_top\":false,\"padding_remove_bottom\":false,\"preserve_color\":false,\"header_transparent\":\"light\"},\"children\":[{\"type\":\"row\",\"props\":{\"layout\":\"1-2,1-2\",\"column_gap\":\"collapse\",\"row_gap\":\"collapse\",\"width\":\"xlarge\",\"padding_remove_horizontal\":true},\"children\":[{\"type\":\"column\",\"props\":{\"image_position\":\"center-center\",\"media_overlay_gradient\":\"\",\"vertical_align\":\"middle\",\"style\":\"muted\",\"width_medium\":\"1-2\",\"preserve_color\":false,\"position_sticky_breakpoint\":\"m\"},\"children\":[{\"type\":\"text\",\"props\":{\"margin\":\"default\",\"column_breakpoint\":\"m\",\"text_style\":\"meta\",\"maxwidth\":\"xlarge\",\"block_align_breakpoint\":\"m\",\"block_align_fallback\":\"center\",\"text_align\":\"left\",\"text_align_breakpoint\":\"m\",\"text_align_fallback\":\"center\",\"content\":\"\n\n<p>RANDRIERWERKZEUGE<\\\/p>\",\"margin_remove_bottom\":false}},{\"type\":\"headline\",\"props\":{\"title_element\":\"h2\",\"title_style\":\"h1\",\"margin\":\"small\",\"maxwidth\":\"xlarge\",\"block_align_breakpoint\":\"m\",\"block_align_fallback\":\"center\",\"text_align\":\"left\",\"text_align_breakpoint\":\"m\",\"text_align_fallback\":\"center\",\"content\":\"Randrierk\\u00f6pfe\"}},{\"type\":\"text\",\"props\":{\"margin\":\"medium\",\"column_breakpoint\":\"m\",\"maxwidth\":\"xlarge\",\"block_align_breakpoint\":\"m\",\"block_align_fallback\":\"center\",\"text_align\":\"left\",\"text_align_breakpoint\":\"m\",\"text_align_fallback\":\"center\",\"content\":\"\n\n<p>Gerades oder gekreuztes Randrieren, in der Mitte eines Werkst\\u00fcckes oder hinter einer Schulter.<br \\\/>Kein radialer Schub auf Zange oder F\\u00fchrungsb\\u00fcchse.<\\\/p>\"}}]},{\"type\":\"column\",\"props\":{\"image_position\":\"center-center\",\"media_overlay_gradient\":\"\",\"vertical_align\":\"middle\",\"style\":\"default\",\"padding\":\"none\",\"width_medium\":\"1-2\",\"order_first\":\"m\",\"position_sticky_breakpoint\":\"m\"},\"children\":[{\"type\":\"image\",\"props\":{\"margin\":\"default\",\"image_svg_color\":\"emphasis\",\"image\":\"wp-content\\\/uploads\\\/2021\\\/10\\\/PIeces-10-scaled.jpg\",\"image_width\":\"800\",\"text_align\":\"center\"}}]}]}],\"name\":\"Hero\"},{\"type\":\"section\",\"props\":{\"style\":\"secondary\",\"width\":\"expand\",\"vertical_align\":\"middle\",\"title_position\":\"top-left\",\"title_rotation\":\"left\",\"title_breakpoint\":\"xl\",\"image_position\":\"center-center\",\"padding_remove_top\":false,\"padding_remove_bottom\":false,\"image\":\"wp-content\\\/uploads\\\/2021\\\/03\\\/home-hero-bg.svg\",\"image_effect\":\"parallax\",\"image_parallax_bgx_end\":\"300\",\"image_parallax_bgy_start\":\"-300\",\"image_size\":\"cover\"},\"children\":[{\"type\":\"row\",\"props\":{\"column_gap\":\"small\",\"row_gap\":\"small\",\"width\":\"xlarge\",\"padding_remove_horizontal\":true,\"match\":false},\"children\":[{\"type\":\"column\",\"props\":{\"image_position\":\"center-center\",\"media_overlay_gradient\":\"\",\"padding\":\"small\",\"width_medium\":\"1-1\",\"preserve_color\":false,\"vertical_align\":\"middle\",\"position_sticky_breakpoint\":\"m\"},\"children\":[{\"type\":\"headline\",\"props\":{\"title_element\":\"h1\",\"text_align\":\"center\",\"content\":\"Hauptvorteile\",\"margin_remove_bottom\":false,\"title_decoration\":\"line\"}},{\"type\":\"grid\",\"props\":{\"show_title\":true,\"show_meta\":true,\"show_content\":true,\"show_image\":true,\"show_link\":true,\"grid_default\":\"1\",\"grid_medium\":\"3\",\"filter_style\":\"tab\",\"filter_all\":true,\"filter_position\":\"top\",\"filter_align\":\"left\",\"filter_grid_width\":\"auto\",\"filter_grid_breakpoint\":\"m\",\"title_hover_style\":\"reset\",\"title_element\":\"h3\",\"title_align\":\"top\",\"title_grid_width\":\"1-2\",\"title_grid_breakpoint\":\"m\",\"meta_style\":\"meta\",\"meta_align\":\"above-title\",\"image_align\":\"top\",\"image_grid_width\":\"1-2\",\"image_grid_breakpoint\":\"m\",\"image_svg_color\":\"emphasis\",\"link_text\":\"Read more\",\"link_style\":\"default\",\"margin\":\"large\",\"item_animation\":true,\"grid_column_gap\":\"large\",\"grid_row_gap\":\"large\",\"item_maxwidth\":\"medium\",\"title_style\":\"h4\",\"title_margin\":\"small\",\"text_align\":\"center\",\"grid_divider\":true,\"image_svg_inline\":true,\"icon_width\":80,\"meta_element\":\"div\",\"content_column_breakpoint\":\"m\",\"grid_small\":\"1\",\"text_align_fallback\":\"center\",\"grid_column_align\":false,\"grid_row_align\":false},\"children\":[{\"type\":\"grid_item\",\"props\":{\"title\":\"Qualit\\u00e4t der Randrierung\",\"content\":\"\",\"image\":\"\",\"meta\":\"\",\"icon\":\"\"}},{\"type\":\"grid_item\",\"props\":{\"title\":\"Gerades oder gekreuztes Randrieren<br \/>30\\u00b0 oder 45\\u00b0\",\"content\":\"\",\"image\":\"\",\"meta\":\"\",\"icon\":\"\"}},{\"type\":\"grid_item\",\"props\":{\"title\":\"Kein radialer Schub auf Zange<br \/>Kein Druck auf das Werkst\\u00fcck \",\"content\":\"\",\"image\":\"\",\"meta\":\"\",\"icon\":\"\"}}]}]}]}],\"name\":\"Avantages\"},{\"type\":\"section\",\"props\":{\"style\":\"secondary\",\"width\":\"xlarge\",\"vertical_align\":\"middle\",\"title_position\":\"top-left\",\"title_rotation\":\"left\",\"title_breakpoint\":\"xl\",\"image_position\":\"center-center\",\"padding\":\"xsmall\",\"padding_remove_top\":false,\"image\":\"\",\"preserve_color\":false},\"children\":[{\"type\":\"row\",\"children\":[{\"type\":\"column\",\"props\":{\"image_position\":\"center-center\",\"media_overlay_gradient\":\"\",\"style\":\"muted\",\"padding\":\"small\",\"preserve_color\":false,\"width_medium\":\"\",\"position_sticky_breakpoint\":\"m\"},\"children\":[{\"type\":\"headline\",\"props\":{\"title_element\":\"h1\",\"content\":\"Randrierk\\u00f6pfe\"}},{\"type\":\"list\",\"props\":{\"show_image\":true,\"show_link\":true,\"list_element\":\"ul\",\"column_breakpoint\":\"m\",\"image_svg_color\":\"emphasis\",\"image_align\":\"left\",\"image_vertical_align\":true,\"list_marker\":\"\",\"icon\":\"chevron-right\"},\"children\":[{\"type\":\"list_item\",\"props\":{\"content\":\"\n\n<p>Diese Randrierk\\u00f6pfe erlauben gerades oder gekreuztes Randrieren (30\\u00b0 oder 45\\u00b0), in der Mitte eines Werkst\\u00fcckes oder hinter einer Schulter<\\\/p>\"}},{\"type\":\"list_item\",\"props\":{\"content\":\"\n\n<p>Beim Randrieren erfolgt kein radialer Druck auf das Werkst\\u00fcck.<\\\/p>\"}},{\"type\":\"list_item\",\"props\":{\"content\":\"\n\n<p>Der Randrierkopf MOJ greift auf das Werkst\\u00fcck in offener Position. Das Schliessen erfolgt durch eine Wirkung auf den Hebel. Man verwendet hierzu einen Schlitten der Maschine. Diese Einstech-Bewegung auf den Hebel sollte nicht mehr als 1 Sekunde dauern.<\\\/p>\"}},{\"type\":\"list_item\",\"props\":{\"content\":\"\n\n<p><span role=\\\"presentation\\\" dir=\\\"ltr\\\">Die Randrierung erfolgt durch Umformung des Materials. Deshalb vergr\\u00f6ssert sich <\\\/span><br role=\\\"presentation\\\" \\\/><span role=\\\"presentation\\\" dir=\\\"ltr\\\">der Durchmesser vor der Randrierung, um 25 bis 35 % des Wertes der Teilung, je <\\\/span><span role=\\\"presentation\\\" dir=\\\"ltr\\\">nach dem bearbeiteten Material. Diese Werte sind direkt mit der <\\\/span><span role=\\\"presentation\\\" dir=\\\"ltr\\\">Widerstandsf\\u00e4higkeit des Werkstoffes verbunden.<\\\/span><\\\/p>\"}},{\"type\":\"list_item\",\"props\":{\"content\":\"\n\n<p>Der Randrier-Durchmesser ist in direkter Beziehung zur Position des Hebels des MOJ-Kopfes, also des Schlittens.<\\\/p>\"}}]}]}],\"props\":{\"width\":\"xlarge\",\"margin_remove_top\":false,\"margin_remove_bottom\":false,\"column_gap\":\"small\",\"row_gap\":\"collapse\",\"match\":false}}],\"name\":\"Produits\"},{\"type\":\"section\",\"props\":{\"style\":\"secondary\",\"width\":\"xlarge\",\"vertical_align\":\"middle\",\"title_position\":\"top-left\",\"title_rotation\":\"left\",\"title_breakpoint\":\"xl\",\"image_position\":\"center-center\",\"preserve_color\":true,\"padding\":\"small\",\"padding_remove_bottom\":false,\"padding_remove_top\":false},\"children\":[{\"type\":\"row\",\"props\":{\"layout\":\"1-2,1-2\",\"column_gap\":\"collapse\",\"row_gap\":\"collapse\",\"width\":\"xlarge\",\"class\":\"\",\"id\":\"faq\",\"padding_remove_horizontal\":false},\"children\":[{\"type\":\"column\",\"props\":{\"image_position\":\"center-center\",\"media_overlay_gradient\":\"\",\"width_medium\":\"1-2\",\"vertical_align\":\"middle\",\"style\":\"default\",\"position_sticky_breakpoint\":\"m\"},\"children\":[{\"type\":\"headline\",\"props\":{\"title_element\":\"h2\",\"title_style\":\"h1\",\"maxwidth\":\"large\",\"block_align_breakpoint\":\"m\",\"block_align_fallback\":\"center\",\"text_align\":\"left\",\"text_align_breakpoint\":\"m\",\"text_align_fallback\":\"center\",\"content\":\"Technische Dokumentation\"}},{\"type\":\"text\",\"props\":{\"margin\":\"default\",\"column_breakpoint\":\"m\",\"maxwidth\":\"xlarge\",\"maxwidth_breakpoint\":\"s\",\"block_align_breakpoint\":\"m\",\"block_align_fallback\":\"center\",\"text_align\":\"left\",\"text_align_breakpoint\":\"m\",\"text_align_fallback\":\"center\",\"content\":\"\n\n<p>Hier finden Sie alle unsere Bedienungsanleitungen in verschiedenen Sprachen<\\\/p>\"}}]},{\"type\":\"column\",\"props\":{\"image_position\":\"center-center\",\"media_overlay_gradient\":\"\",\"width_medium\":\"1-2\",\"vertical_align\":\"middle\",\"style\":\"primary\",\"preserve_color\":false,\"position_sticky_breakpoint\":\"m\"},\"children\":[{\"type\":\"accordion\",\"props\":{\"show_image\":false,\"show_link\":true,\"collapsible\":true,\"image_svg_color\":\"emphasis\",\"image_align\":\"top\",\"image_grid_width\":\"1-2\",\"image_grid_breakpoint\":\"m\",\"link_text\":\"Herunterladen&nbsp;&nbsp;<span uk-icon=\\\"cloud-download\\\" class=\\\"uk-icon\\\"><svg width=\\\"20\\\" height=\\\"20\\\" viewBox=\\\"0 0 20 20\\\" xmlns=\\\"http:\\\/\\\/www.w3.org\\\/2000\\\/svg\\\"><path fill=\\\"none\\\" stroke=\\\"#000\\\" stroke-width=\\\"1.1\\\" d=\\\"M6.5,14.61 L3.75,14.61 C1.96,14.61 0.5,13.17 0.5,11.39 C0.5,9.76 1.72,8.41 3.3,8.2 C3.38,5.31 5.75,3 8.68,3 C11.19,3 13.31,4.71 13.89,7.02 C14.39,6.8 14.93,6.68 15.5,6.68 C17.71,6.68 19.5,8.45 19.5,10.64 C19.5,12.83 17.71,14.6 15.5,14.6 L12.5,14.6\\\"><\\\/path><polyline fill=\\\"none\\\" stroke=\\\"#000\\\" points=\\\"11.75 16 9.5 18.25 7.25 16\\\"><\\\/polyline><path fill=\\\"none\\\" stroke=\\\"#000\\\" d=\\\"M9.5,18 L9.5,9.5\\\"><\\\/path><\\\/svg><\\\/span>\",\"link_style\":\"default\",\"block_align\":\"right\",\"block_align_breakpoint\":\"m\",\"block_align_fallback\":\"center\",\"multiple\":false,\"content_column_breakpoint\":\"m\",\"link_target\":true,\"content_column\":\"\"},\"children\":[{\"type\":\"accordion_item\",\"props\":{\"title\":\"Bedienungsanleitung auf Franz\\u00f6sisch\",\"content\":\"\",\"link\":\"\\\/wp-content\\\/uploads\\\/2021\\\/04\\\/1_IS_MOJ_F.pdf\",\"image\":\"\"}},{\"type\":\"accordion_item\",\"props\":{\"title\":\"Bedienungsanleitung auf Deutsch\",\"content\":\"\",\"link\":\"\\\/wp-content\\\/uploads\\\/2021\\\/04\\\/2_IS_MOJ_D.pdf\",\"image\":\"\"}},{\"type\":\"accordion_item\",\"props\":{\"title\":\"Bedienungsanleitung auf Englisch\",\"content\":\"\",\"link\":\"\\\/wp-content\\\/uploads\\\/2021\\\/04\\\/3_IS_MOJ_E.pdf\",\"image\":\"\"}},{\"type\":\"accordion_item\",\"props\":{\"title\":\"Bedienungsanleitung auf Italienisch\",\"content\":\"\",\"link\":\"\\\/wp-content\\\/uploads\\\/2021\\\/04\\\/4_IS_MOJ_I.pdf\",\"image\":\"\"}}]}]}]}],\"name\":\"Doc. technique\"},{\"type\":\"section\",\"props\":{\"style\":\"secondary\",\"width\":\"xlarge\",\"vertical_align\":\"middle\",\"title_position\":\"top-left\",\"title_rotation\":\"left\",\"title_breakpoint\":\"xl\",\"image_position\":\"center-center\",\"padding_remove_bottom\":false,\"preserve_color\":true,\"overlap\":false,\"padding\":\"xsmall\"},\"children\":[{\"type\":\"row\",\"props\":{\"margin_remove_bottom\":true,\"id\":\"contact\",\"padding_remove_horizontal\":true},\"children\":[{\"type\":\"column\",\"props\":{\"image_position\":\"center-center\",\"media_overlay_gradient\":\"\",\"text_color\":\"light\",\"image\":\"\",\"image_size\":\"cover\",\"image_width\":\"1600\",\"width_medium\":\"1-1\",\"style\":\"default\",\"vertical_align\":\"middle\",\"position_sticky_breakpoint\":\"m\"},\"children\":[{\"type\":\"headline\",\"props\":{\"title_element\":\"h2\",\"text_align\":\"center\",\"content\":\"Ben\\u00f6tigte Informationen f\\u00fcr Ihre Anfragen\",\"link\":\"\"}},{\"type\":\"text\",\"props\":{\"margin\":\"default\",\"column_breakpoint\":\"m\",\"maxwidth\":\"xlarge\",\"block_align\":\"center\",\"text_align\":\"center\",\"content\":\"\n\n<p>Der Durchmesser nach dem Randrieren (auf dem h\\u00f6chsten Punkt der Z\\u00e4hne gemessen), sowie die Mini- und Maxitoleranzen sind entsprechend.<\\\/p>\\n\n\n<p>Die gew\\u00fcnschte Teilung. Diese muss vom Anwender bestimmt werden.<\\\/p>\\n\n\n<p>Die Art des Werkstoffes.<\\\/p>\\n\n\n<p>Da die Randrierungen nicht normalisiert sind, bitten wir die Wahl des Randrierkopfes mit uns zu besprechen.<br \\\/>\\u00a0<\\\/p>\"}},{\"type\":\"button\",\"props\":{\"grid_column_gap\":\"small\",\"grid_row_gap\":\"small\",\"margin\":\"medium\",\"text_align\":\"center\"},\"children\":[{\"type\":\"button_item\",\"props\":{\"button_style\":\"primary\",\"icon_align\":\"right\",\"content\":\"Kontaktieren Sie uns&nbsp;\",\"link\":\"\\\/contact\",\"icon\":\"info\"}}]}]}]}],\"name\":\"Sur demande\"}],\"version\":\"2.7.5\"} --><\/p>\n","protected":false},"excerpt":{"rendered":"<p>RANDRIERWERKZEUGE Randrierk\u00f6pfe Gerades oder gekreuztes Randrieren, in der Mitte eines Werkst\u00fcckes oder hinter einer Schulter.Kein radialer Schub auf Zange oder F\u00fchrungsb\u00fcchse. Hauptvorteile Qualit\u00e4t der Randrierung Gerades oder gekreuztes Randrieren30\u00b0 oder 45\u00b0 Kein radialer Schub auf ZangeKein Druck auf das Werkst\u00fcck Randrierk\u00f6pfe Diese Randrierk\u00f6pfe erlauben gerades oder gekreuztes Randrieren (30\u00b0 oder 45\u00b0), in der Mitte eines [&hellip;]<\/p>\n","protected":false},"author":1,"featured_media":0,"parent":0,"menu_order":0,"comment_status":"closed","ping_status":"closed","template":"","meta":{"footnotes":""},"class_list":["post-817","page","type-page","status-publish","hentry"],"_links":{"self":[{"href":"https:\/\/www.habegger-sa.com\/de\/wp-json\/wp\/v2\/pages\/817","targetHints":{"allow":["GET"]}}],"collection":[{"href":"https:\/\/www.habegger-sa.com\/de\/wp-json\/wp\/v2\/pages"}],"about":[{"href":"https:\/\/www.habegger-sa.com\/de\/wp-json\/wp\/v2\/types\/page"}],"author":[{"embeddable":true,"href":"https:\/\/www.habegger-sa.com\/de\/wp-json\/wp\/v2\/users\/1"}],"replies":[{"embeddable":true,"href":"https:\/\/www.habegger-sa.com\/de\/wp-json\/wp\/v2\/comments?post=817"}],"version-history":[{"count":28,"href":"https:\/\/www.habegger-sa.com\/de\/wp-json\/wp\/v2\/pages\/817\/revisions"}],"predecessor-version":[{"id":1545,"href":"https:\/\/www.habegger-sa.com\/de\/wp-json\/wp\/v2\/pages\/817\/revisions\/1545"}],"wp:attachment":[{"href":"https:\/\/www.habegger-sa.com\/de\/wp-json\/wp\/v2\/media?parent=817"}],"curies":[{"name":"wp","href":"https:\/\/api.w.org\/{rel}","templated":true}]}}