{"id":224,"date":"2021-04-08T15:25:47","date_gmt":"2021-04-08T13:25:47","guid":{"rendered":"https:\/\/habegger.toggle.ch\/?page_id=224"},"modified":"2022-12-10T14:19:22","modified_gmt":"2022-12-10T13:19:22","slug":"filieres-a-moleter","status":"publish","type":"page","link":"https:\/\/www.habegger-sa.com\/fr\/filieres-a-moleter\/","title":{"rendered":"Fili\u00e8res \u00e0 moleter"},"content":{"rendered":"<div>Outils de moletage<\/div>\n<h2>Fili\u00e8res \u00e0 moleter<\/h2>\n<div>Moletage en bout, droit ou crois\u00e9.<br \/>\nLa mati\u00e8re est roul\u00e9e sans effort radial sur la pince ou le canon.<\/div>\n<p><img decoding=\"async\" src=\"\/wp-content\/uploads\/2021\/10\/PIeces-9-scaled.jpg\" alt=\"\"><\/p>\n<h1>Principaux avantages<\/h1>\n<ul>\n<li>\n<h3>Grande qualit\u00e9 au moletage<\/h3>\n<\/li>\n<li>\n<h3>Long\u00e9vit\u00e9 accrue de la fili\u00e8re<\/h3>\n<\/li>\n<li>\n<h3>Sans effort radial et sans pression sur la pi\u00e8ce<\/h3>\n<\/li>\n<\/ul>\n<h1>Fili\u00e8res \u00e0 moleter<\/h1>\n<ul>\n<li>\n<div>Ces fili\u00e8res \u00e0 moleter permettent le moletage droit ou crois\u00e9 (30\u00b0 ou 45\u00b0).<\/div>\n<\/li>\n<li>\n<div>Elles travaillent sans effort radial et aucune pression n&rsquo;est exerc\u00e9e sur la pi\u00e8ce, m\u00eame pour de petits diam\u00e8tres.<\/div>\n<\/li>\n<li>\n<div>Les 3 molettes formant les dents assurent une plus grande qualit\u00e9 au moletage et permettent une long\u00e9vit\u00e9 accrue de la fili\u00e8re.<\/div>\n<\/li>\n<li>\n<div>Le moletage s&rsquo;obtient par d\u00e9formation de la mati\u00e8re, c&rsquo;est pourquoi le diam\u00e8tre avant moletage augmente de 25 \u00e0 35 % de la valeur du pas, selon les mati\u00e8res \u00e0 usiner. Ces valeurs sont directement li\u00e9es \u00e0 la r\u00e9sistance de la mati\u00e8re \u00e0 moleter.<\/div>\n<\/li>\n<\/ul>\n<hr>\n<h4>Porte-fili\u00e8res, r\u00e9glables<\/h4>\n<ul>\n<li>\n<div>Les porte-fili\u00e8res de type R permettent de fixer toutes les fili\u00e8res r\u00e9glables de notre fabrication sur chaque type de tour automatique.<\/div>\n<\/li>\n<li>\n<div>Le montage se fera, suivant le cas, au moyen d&rsquo;une pince de serrage, ou directement dans le logement de la pince avec un c\u00f4ne de serrage.<\/div>\n<\/li>\n<\/ul>\n<h2>Documentation technique<\/h2>\n<div>\n<p>Retrouvez ici l&rsquo;ensemble de nos instructions de service en diff\u00e9rentes langues<\/p>\n<\/div>\n<ul>\n<li>\n<h3>Instructions de service en fran\u00e7ais<\/h3>\n<p><a href=\"\/wp-content\/uploads\/2021\/04\/1_IS_FM_F.pdf\">T\u00e9l\u00e9charger&nbsp;&nbsp;<span uk-icon=\"cloud-download\" class=\"uk-icon\"><svg width=\"20\" height=\"20\" viewBox=\"0 0 20 20\" xmlns=\"http:\/\/www.w3.org\/2000\/svg\"><path fill=\"none\" stroke=\"#000\" stroke-width=\"1.1\" d=\"M6.5,14.61 L3.75,14.61 C1.96,14.61 0.5,13.17 0.5,11.39 C0.5,9.76 1.72,8.41 3.3,8.2 C3.38,5.31 5.75,3 8.68,3 C11.19,3 13.31,4.71 13.89,7.02 C14.39,6.8 14.93,6.68 15.5,6.68 C17.71,6.68 19.5,8.45 19.5,10.64 C19.5,12.83 17.71,14.6 15.5,14.6 L12.5,14.6\"><\/path><polyline fill=\"none\" stroke=\"#000\" points=\"11.75 16 9.5 18.25 7.25 16\"><\/polyline><path fill=\"none\" stroke=\"#000\" d=\"M9.5,18 L9.5,9.5\"><\/path><\/svg><\/span><\/a><\/p>\n<\/li>\n<li>\n<h3>Instructions de service en allemand<\/h3>\n<p><a href=\"\/wp-content\/uploads\/2021\/04\/2_IS_FM_D.pdf\">T\u00e9l\u00e9charger&nbsp;&nbsp;<span uk-icon=\"cloud-download\" class=\"uk-icon\"><svg width=\"20\" height=\"20\" viewBox=\"0 0 20 20\" xmlns=\"http:\/\/www.w3.org\/2000\/svg\"><path fill=\"none\" stroke=\"#000\" stroke-width=\"1.1\" d=\"M6.5,14.61 L3.75,14.61 C1.96,14.61 0.5,13.17 0.5,11.39 C0.5,9.76 1.72,8.41 3.3,8.2 C3.38,5.31 5.75,3 8.68,3 C11.19,3 13.31,4.71 13.89,7.02 C14.39,6.8 14.93,6.68 15.5,6.68 C17.71,6.68 19.5,8.45 19.5,10.64 C19.5,12.83 17.71,14.6 15.5,14.6 L12.5,14.6\"><\/path><polyline fill=\"none\" stroke=\"#000\" points=\"11.75 16 9.5 18.25 7.25 16\"><\/polyline><path fill=\"none\" stroke=\"#000\" d=\"M9.5,18 L9.5,9.5\"><\/path><\/svg><\/span><\/a><\/p>\n<\/li>\n<li>\n<h3>Instructions de service en anglais<\/h3>\n<p><a href=\"\/wp-content\/uploads\/2021\/04\/3_IS_FM_E.pdf\">T\u00e9l\u00e9charger&nbsp;&nbsp;<span uk-icon=\"cloud-download\" class=\"uk-icon\"><svg width=\"20\" height=\"20\" viewBox=\"0 0 20 20\" xmlns=\"http:\/\/www.w3.org\/2000\/svg\"><path fill=\"none\" stroke=\"#000\" stroke-width=\"1.1\" d=\"M6.5,14.61 L3.75,14.61 C1.96,14.61 0.5,13.17 0.5,11.39 C0.5,9.76 1.72,8.41 3.3,8.2 C3.38,5.31 5.75,3 8.68,3 C11.19,3 13.31,4.71 13.89,7.02 C14.39,6.8 14.93,6.68 15.5,6.68 C17.71,6.68 19.5,8.45 19.5,10.64 C19.5,12.83 17.71,14.6 15.5,14.6 L12.5,14.6\"><\/path><polyline fill=\"none\" stroke=\"#000\" points=\"11.75 16 9.5 18.25 7.25 16\"><\/polyline><path fill=\"none\" stroke=\"#000\" d=\"M9.5,18 L9.5,9.5\"><\/path><\/svg><\/span><\/a><\/p>\n<\/li>\n<li>\n<h3>Instructions de service en italien<\/h3>\n<p><a href=\"\/wp-content\/uploads\/2021\/04\/4_IS_FM_I.pdf\">T\u00e9l\u00e9charger&nbsp;&nbsp;<span uk-icon=\"cloud-download\" class=\"uk-icon\"><svg width=\"20\" height=\"20\" viewBox=\"0 0 20 20\" xmlns=\"http:\/\/www.w3.org\/2000\/svg\"><path fill=\"none\" stroke=\"#000\" stroke-width=\"1.1\" d=\"M6.5,14.61 L3.75,14.61 C1.96,14.61 0.5,13.17 0.5,11.39 C0.5,9.76 1.72,8.41 3.3,8.2 C3.38,5.31 5.75,3 8.68,3 C11.19,3 13.31,4.71 13.89,7.02 C14.39,6.8 14.93,6.68 15.5,6.68 C17.71,6.68 19.5,8.45 19.5,10.64 C19.5,12.83 17.71,14.6 15.5,14.6 L12.5,14.6\"><\/path><polyline fill=\"none\" stroke=\"#000\" points=\"11.75 16 9.5 18.25 7.25 16\"><\/polyline><path fill=\"none\" stroke=\"#000\" d=\"M9.5,18 L9.5,9.5\"><\/path><\/svg><\/span><\/a><\/p>\n<\/li>\n<\/ul>\n<h2>Indications n\u00e9cessaires pour vos demandes<\/h2>\n<div>\n<p>Le diam\u00e8tre apr\u00e8s moletage (mesure sur le sommet des dents) ainsi que les tol\u00e9rances mini et maxi s\u2019y rapportant.<\/p>\n<p>Le pas d\u00e9sir\u00e9. Celui-ci doit \u00eatre d\u00e9termin\u00e9 par l\u2019utilisateur.<\/p>\n<p>Le genre de mati\u00e8re.<\/p>\n<p>Capacit\u00e9 dans les dimensions suivantes :<br \/>\n\u00d8 apr\u00e8s moletage : de 0.60 \u00e0 14.20 mm \u2013 Pas : de 0.13 \u00e0 1.00 mm selon le diam\u00e8tre.<\/p>\n<p>Les dimensions des fili\u00e8res \u00e0 moleter sont disponibles par dixi\u00e8me.<\/p>\n<\/div>\n<p>\n    <a href=\"\/contact\">Contactez-nous&nbsp;<\/a>\n<\/p>\n<p><!--more--><br \/>\n<!-- {\"name\":\"Outils\",\"type\":\"layout\",\"children\":[{\"type\":\"section\",\"props\":{\"header_transparent\":\"light\",\"image_position\":\"center-center\",\"padding\":\"none\",\"padding_remove_bottom\":false,\"padding_remove_top\":false,\"preserve_color\":false,\"style\":\"secondary\",\"title_breakpoint\":\"xl\",\"title_position\":\"top-left\",\"title_rotation\":\"left\",\"vertical_align\":\"middle\",\"width\":\"\"},\"children\":[{\"type\":\"row\",\"props\":{\"column_gap\":\"collapse\",\"layout\":\"1-2,1-2\",\"padding_remove_horizontal\":true,\"row_gap\":\"collapse\",\"width\":\"xlarge\"},\"children\":[{\"type\":\"column\",\"props\":{\"image\":\"\",\"image_effect\":\"parallax\",\"image_parallax_bgx\":\"0,100\",\"image_parallax_bgy\":\"-150,0\",\"image_parallax_easing\":\"1\",\"image_position\":\"center-left\",\"media_overlay_gradient\":\"\",\"position_sticky_breakpoint\":\"m\",\"preserve_color\":false,\"style\":\"muted\",\"vertical_align\":\"middle\",\"width_medium\":\"1-2\"},\"children\":[{\"type\":\"text\",\"props\":{\"block_align_breakpoint\":\"m\",\"block_align_fallback\":\"center\",\"column_breakpoint\":\"m\",\"content\":\"Outils de moletage\",\"margin\":\"default\",\"margin_remove_bottom\":false,\"maxwidth\":\"xlarge\",\"text_align\":\"left\",\"text_align_breakpoint\":\"m\",\"text_align_fallback\":\"center\",\"text_style\":\"meta\"}},{\"type\":\"headline\",\"props\":{\"block_align_breakpoint\":\"m\",\"block_align_fallback\":\"center\",\"content\":\"Fili\\u00e8res \\u00e0 moleter\",\"margin\":\"small\",\"maxwidth\":\"xlarge\",\"text_align\":\"left\",\"text_align_breakpoint\":\"m\",\"text_align_fallback\":\"center\",\"title_element\":\"h2\",\"title_style\":\"h1\"}},{\"type\":\"text\",\"props\":{\"block_align_breakpoint\":\"m\",\"block_align_fallback\":\"center\",\"column_breakpoint\":\"m\",\"content\":\"Moletage en bout, droit ou crois\\u00e9.<br \/>\\nLa mati\\u00e8re est roul\\u00e9e sans effort radial sur la pince ou le canon.\",\"margin\":\"medium\",\"maxwidth\":\"large\",\"text_align\":\"left\",\"text_align_breakpoint\":\"m\",\"text_align_fallback\":\"center\"}}]},{\"type\":\"column\",\"props\":{\"image_position\":\"center-center\",\"media_overlay_gradient\":\"\",\"order_first\":\"m\",\"padding\":\"none\",\"position_sticky_breakpoint\":\"m\",\"style\":\"default\",\"vertical_align\":\"middle\",\"width_medium\":\"1-2\"},\"children\":[{\"type\":\"image\",\"props\":{\"image\":\"wp-content\\\/uploads\\\/2021\\\/10\\\/PIeces-9-scaled.jpg\",\"image_svg_color\":\"emphasis\",\"image_width\":\"800\",\"margin\":\"default\",\"text_align\":\"center\"}}]}]}],\"name\":\"Hero\"},{\"type\":\"section\",\"props\":{\"image\":\"wp-content\\\/uploads\\\/2021\\\/03\\\/home-hero-bg.svg\",\"image_effect\":\"parallax\",\"image_parallax_bgx\":\"0,300\",\"image_parallax_bgy\":\"-300,0\",\"image_parallax_easing\":\"1\",\"image_position\":\"center-center\",\"image_size\":\"cover\",\"padding_remove_bottom\":false,\"padding_remove_top\":false,\"style\":\"secondary\",\"title_breakpoint\":\"xl\",\"title_position\":\"top-left\",\"title_rotation\":\"left\",\"vertical_align\":\"middle\",\"width\":\"expand\"},\"children\":[{\"type\":\"row\",\"props\":{\"column_gap\":\"small\",\"match\":false,\"padding_remove_horizontal\":true,\"row_gap\":\"small\",\"width\":\"xlarge\"},\"children\":[{\"type\":\"column\",\"props\":{\"image_position\":\"center-center\",\"media_overlay_gradient\":\"\",\"padding\":\"small\",\"position_sticky_breakpoint\":\"m\",\"preserve_color\":false,\"vertical_align\":\"middle\",\"width_medium\":\"1-1\"},\"children\":[{\"type\":\"headline\",\"props\":{\"content\":\"Principaux avantages\",\"margin_remove_bottom\":false,\"text_align\":\"center\",\"title_decoration\":\"line\",\"title_element\":\"h1\"}},{\"type\":\"grid\",\"props\":{\"content_column_breakpoint\":\"m\",\"filter_align\":\"left\",\"filter_all\":true,\"filter_grid_breakpoint\":\"m\",\"filter_grid_width\":\"auto\",\"filter_position\":\"top\",\"filter_style\":\"tab\",\"grid_column_align\":false,\"grid_column_gap\":\"large\",\"grid_default\":\"1\",\"grid_divider\":true,\"grid_medium\":\"3\",\"grid_row_align\":false,\"grid_row_gap\":\"large\",\"grid_small\":\"1\",\"icon_width\":80,\"image_align\":\"top\",\"image_grid_breakpoint\":\"m\",\"image_grid_width\":\"1-2\",\"image_svg_color\":\"emphasis\",\"image_svg_inline\":true,\"item_animation\":true,\"item_maxwidth\":\"medium\",\"link_style\":\"default\",\"link_text\":\"Read more\",\"margin\":\"large\",\"meta_align\":\"above-title\",\"meta_element\":\"div\",\"meta_style\":\"text-meta\",\"parallax_easing\":\"1\",\"show_content\":true,\"show_image\":true,\"show_link\":true,\"show_meta\":true,\"show_title\":true,\"text_align\":\"center\",\"text_align_fallback\":\"center\",\"title_align\":\"top\",\"title_element\":\"h3\",\"title_grid_breakpoint\":\"m\",\"title_grid_width\":\"1-2\",\"title_hover_style\":\"reset\",\"title_margin\":\"small\",\"title_style\":\"h4\"},\"children\":[{\"type\":\"grid_item\",\"props\":{\"content\":\"\",\"icon\":\"\",\"image\":\"\",\"meta\":\"\",\"title\":\"Grande qualit\\u00e9 au moletage\"}},{\"type\":\"grid_item\",\"props\":{\"content\":\"\",\"icon\":\"\",\"image\":\"\",\"meta\":\"\",\"title\":\"Long\\u00e9vit\\u00e9 accrue de la fili\\u00e8re\"}},{\"type\":\"grid_item\",\"props\":{\"content\":\"\",\"icon\":\"\",\"image\":\"\",\"meta\":\"\",\"title\":\"Sans effort radial et sans pression sur la pi\\u00e8ce\"}}]}]}]}],\"name\":\"Avantages\"},{\"type\":\"section\",\"props\":{\"image\":\"\",\"image_position\":\"center-center\",\"padding\":\"xsmall\",\"padding_remove_top\":false,\"preserve_color\":false,\"style\":\"secondary\",\"title_breakpoint\":\"xl\",\"title_position\":\"top-left\",\"title_rotation\":\"left\",\"vertical_align\":\"middle\",\"width\":\"xlarge\"},\"children\":[{\"type\":\"row\",\"children\":[{\"type\":\"column\",\"props\":{\"image_position\":\"center-center\",\"media_overlay_gradient\":\"\",\"padding\":\"small\",\"position_sticky_breakpoint\":\"m\",\"preserve_color\":false,\"style\":\"muted\",\"width_medium\":\"\"},\"children\":[{\"type\":\"headline\",\"props\":{\"content\":\"Fili\\u00e8res \\u00e0 moleter\",\"title_element\":\"h1\"}},{\"type\":\"list\",\"props\":{\"column_breakpoint\":\"m\",\"icon\":\"chevron-right\",\"image_align\":\"left\",\"image_svg_color\":\"emphasis\",\"image_vertical_align\":true,\"list_element\":\"ul\",\"list_horizontal_separator\":\", \",\"list_marker\":\"\",\"list_type\":\"vertical\",\"show_image\":true,\"show_link\":true},\"children\":[{\"type\":\"list_item\",\"props\":{\"content\":\"Ces fili\\u00e8res \\u00e0 moleter permettent le moletage droit ou crois\\u00e9 (30\\u00b0 ou 45\\u00b0).\"}},{\"type\":\"list_item\",\"props\":{\"content\":\"Elles travaillent sans effort radial et aucune pression n'est exerc\\u00e9e sur la pi\\u00e8ce, m\\u00eame pour de petits diam\\u00e8tres.\"}},{\"type\":\"list_item\",\"props\":{\"content\":\"Les 3 molettes formant les dents assurent une plus grande qualit\\u00e9 au moletage et permettent une long\\u00e9vit\\u00e9 accrue de la fili\\u00e8re.\"}},{\"type\":\"list_item\",\"props\":{\"content\":\"Le moletage s'obtient par d\\u00e9formation de la mati\\u00e8re, c'est pourquoi le diam\\u00e8tre avant moletage augmente de 25 \\u00e0 35 % de la valeur du pas, selon les mati\\u00e8res \\u00e0 usiner. Ces valeurs sont directement li\\u00e9es \\u00e0 la r\\u00e9sistance de la mati\\u00e8re \\u00e0 moleter.\"}}]},{\"type\":\"divider\",\"props\":{\"divider_element\":\"hr\"}},{\"type\":\"headline\",\"props\":{\"content\":\"Porte-fili\\u00e8res, r\\u00e9glables\",\"title_element\":\"h4\"}},{\"type\":\"list\",\"props\":{\"column_breakpoint\":\"m\",\"icon\":\"chevron-right\",\"image_align\":\"left\",\"image_svg_color\":\"emphasis\",\"image_vertical_align\":true,\"list_element\":\"ul\",\"list_horizontal_separator\":\", \",\"list_marker\":\"\",\"list_type\":\"vertical\",\"show_image\":true,\"show_link\":true},\"children\":[{\"type\":\"list_item\",\"props\":{\"content\":\"Les porte-fili\\u00e8res de type R permettent de fixer toutes les fili\\u00e8res r\\u00e9glables de notre fabrication sur chaque type de tour automatique.\"}},{\"type\":\"list_item\",\"props\":{\"content\":\"Le montage se fera, suivant le cas, au moyen d'une pince de serrage, ou directement dans le logement de la pince avec un c\\u00f4ne de serrage.\"}}]}]}],\"props\":{\"column_gap\":\"small\",\"margin_remove_bottom\":false,\"margin_remove_top\":false,\"match\":false,\"row_gap\":\"collapse\",\"width\":\"xlarge\"}}],\"name\":\"Produits\"},{\"type\":\"section\",\"props\":{\"image_position\":\"center-center\",\"padding\":\"small\",\"padding_remove_bottom\":false,\"padding_remove_top\":false,\"preserve_color\":true,\"style\":\"secondary\",\"title_breakpoint\":\"xl\",\"title_position\":\"top-left\",\"title_rotation\":\"left\",\"vertical_align\":\"middle\",\"width\":\"xlarge\"},\"children\":[{\"type\":\"row\",\"props\":{\"class\":\"\",\"column_gap\":\"collapse\",\"id\":\"faq\",\"layout\":\"1-2,1-2\",\"padding_remove_horizontal\":false,\"row_gap\":\"collapse\",\"width\":\"xlarge\"},\"children\":[{\"type\":\"column\",\"props\":{\"image_position\":\"center-center\",\"media_overlay_gradient\":\"\",\"position_sticky_breakpoint\":\"m\",\"style\":\"default\",\"vertical_align\":\"middle\",\"width_medium\":\"1-2\"},\"children\":[{\"type\":\"headline\",\"props\":{\"block_align_breakpoint\":\"m\",\"block_align_fallback\":\"center\",\"content\":\"Documentation technique\",\"maxwidth\":\"large\",\"text_align\":\"left\",\"text_align_breakpoint\":\"m\",\"text_align_fallback\":\"center\",\"title_element\":\"h2\",\"title_style\":\"h1\"}},{\"type\":\"text\",\"props\":{\"block_align_breakpoint\":\"m\",\"block_align_fallback\":\"center\",\"column_breakpoint\":\"m\",\"content\":\"\n\n<p>Retrouvez ici l'ensemble de nos instructions de service en diff\\u00e9rentes langues<\\\/p>\",\"margin\":\"default\",\"maxwidth\":\"xlarge\",\"maxwidth_breakpoint\":\"s\",\"text_align\":\"left\",\"text_align_breakpoint\":\"m\",\"text_align_fallback\":\"center\"}}]},{\"type\":\"column\",\"props\":{\"image_position\":\"center-center\",\"media_overlay_gradient\":\"\",\"position_sticky_breakpoint\":\"m\",\"preserve_color\":false,\"style\":\"primary\",\"vertical_align\":\"middle\",\"width_medium\":\"1-2\"},\"children\":[{\"type\":\"accordion\",\"props\":{\"block_align\":\"right\",\"block_align_breakpoint\":\"m\",\"block_align_fallback\":\"center\",\"collapsible\":true,\"content_column\":\"\",\"content_column_breakpoint\":\"m\",\"image_align\":\"top\",\"image_grid_breakpoint\":\"m\",\"image_grid_width\":\"1-2\",\"image_svg_color\":\"emphasis\",\"link_margin\":\"remove\",\"link_style\":\"default\",\"link_target\":true,\"link_text\":\"T\\u00e9l\\u00e9charger&nbsp;&nbsp;<span uk-icon=\\\"cloud-download\\\" class=\\\"uk-icon\\\"><svg width=\\\"20\\\" height=\\\"20\\\" viewBox=\\\"0 0 20 20\\\" xmlns=\\\"http:\\\/\\\/www.w3.org\\\/2000\\\/svg\\\"><path fill=\\\"none\\\" stroke=\\\"#000\\\" stroke-width=\\\"1.1\\\" d=\\\"M6.5,14.61 L3.75,14.61 C1.96,14.61 0.5,13.17 0.5,11.39 C0.5,9.76 1.72,8.41 3.3,8.2 C3.38,5.31 5.75,3 8.68,3 C11.19,3 13.31,4.71 13.89,7.02 C14.39,6.8 14.93,6.68 15.5,6.68 C17.71,6.68 19.5,8.45 19.5,10.64 C19.5,12.83 17.71,14.6 15.5,14.6 L12.5,14.6\\\"><\\\/path><polyline fill=\\\"none\\\" stroke=\\\"#000\\\" points=\\\"11.75 16 9.5 18.25 7.25 16\\\"><\\\/polyline><path fill=\\\"none\\\" stroke=\\\"#000\\\" d=\\\"M9.5,18 L9.5,9.5\\\"><\\\/path><\\\/svg><\\\/span>\",\"multiple\":false,\"show_image\":false,\"show_link\":true},\"children\":[{\"type\":\"accordion_item\",\"props\":{\"content\":\"\",\"image\":\"\",\"link\":\"\\\/wp-content\\\/uploads\\\/2021\\\/04\\\/1_IS_FM_F.pdf\",\"title\":\"Instructions de service en fran\\u00e7ais\"}},{\"type\":\"accordion_item\",\"props\":{\"content\":\"\",\"image\":\"\",\"link\":\"\\\/wp-content\\\/uploads\\\/2021\\\/04\\\/2_IS_FM_D.pdf\",\"title\":\"Instructions de service en allemand\"}},{\"type\":\"accordion_item\",\"props\":{\"content\":\"\",\"image\":\"\",\"link\":\"\\\/wp-content\\\/uploads\\\/2021\\\/04\\\/3_IS_FM_E.pdf\",\"title\":\"Instructions de service en anglais\"}},{\"type\":\"accordion_item\",\"props\":{\"content\":\"\",\"image\":\"\",\"link\":\"\\\/wp-content\\\/uploads\\\/2021\\\/04\\\/4_IS_FM_I.pdf\",\"title\":\"Instructions de service en italien\"}}]}]}]}],\"name\":\"Doc. technique\"},{\"type\":\"section\",\"props\":{\"image_position\":\"center-center\",\"overlap\":false,\"padding\":\"xsmall\",\"padding_remove_bottom\":false,\"preserve_color\":true,\"style\":\"secondary\",\"title_breakpoint\":\"xl\",\"title_position\":\"top-left\",\"title_rotation\":\"left\",\"vertical_align\":\"middle\",\"width\":\"xlarge\"},\"children\":[{\"type\":\"row\",\"props\":{\"id\":\"contact\",\"margin_remove_bottom\":true,\"padding_remove_horizontal\":true},\"children\":[{\"type\":\"column\",\"props\":{\"image\":\"\",\"image_position\":\"center-center\",\"image_size\":\"cover\",\"image_width\":\"1600\",\"media_overlay_gradient\":\"\",\"position_sticky_breakpoint\":\"m\",\"style\":\"default\",\"text_color\":\"light\",\"vertical_align\":\"middle\",\"width_medium\":\"1-1\"},\"children\":[{\"type\":\"headline\",\"props\":{\"content\":\"Indications n\\u00e9cessaires pour vos demandes\",\"link\":\"\",\"text_align\":\"center\",\"title_element\":\"h2\"}},{\"type\":\"text\",\"props\":{\"block_align\":\"center\",\"column_breakpoint\":\"m\",\"content\":\"\n\n<p>Le diam\\u00e8tre apr\\u00e8s moletage (mesure sur le sommet des dents) ainsi que les tol\\u00e9rances mini et maxi s\\u2019y rapportant.\\n\n\n<p>Le pas d\\u00e9sir\\u00e9. Celui-ci doit \\u00eatre d\\u00e9termin\\u00e9 par l\\u2019utilisateur.<\\\/p>\\n\n\n<p>Le genre de mati\\u00e8re.<\\\/p>\\n\n\n<p>Capacit\\u00e9 dans les dimensions suivantes :<br \/>\\n\\u00d8 apr\\u00e8s moletage : de 0.60 \\u00e0 14.20 mm \\u2013 Pas : de 0.13 \\u00e0 1.00 mm selon le diam\\u00e8tre.<\\\/p>\\n\n\n<p>Les dimensions des fili\\u00e8res \\u00e0 moleter sont disponibles par dixi\\u00e8me.<\\\/p>\",\"margin\":\"default\",\"maxwidth\":\"xlarge\",\"text_align\":\"center\"}},{\"type\":\"button\",\"props\":{\"grid_column_gap\":\"small\",\"grid_row_gap\":\"small\",\"margin\":\"medium\",\"text_align\":\"center\"},\"children\":[{\"type\":\"button_item\",\"props\":{\"button_style\":\"primary\",\"content\":\"Contactez-nous&nbsp;\",\"icon\":\"info\",\"icon_align\":\"right\",\"link\":\"\\\/contact\"}}]}]}]}],\"name\":\"Sur demande\"}],\"version\":\"3.0.17\"} --><\/p>\n","protected":false},"excerpt":{"rendered":"<p>Outils de moletage Fili\u00e8res \u00e0 moleter Moletage en bout, droit ou crois\u00e9. La mati\u00e8re est roul\u00e9e sans effort radial sur la pince ou le canon. Principaux avantages Grande qualit\u00e9 au moletage Long\u00e9vit\u00e9 accrue de la fili\u00e8re Sans effort radial et sans pression sur la pi\u00e8ce Fili\u00e8res \u00e0 moleter Ces fili\u00e8res \u00e0 moleter permettent le moletage [&hellip;]<\/p>\n","protected":false},"author":1,"featured_media":0,"parent":0,"menu_order":0,"comment_status":"closed","ping_status":"closed","template":"","meta":{"footnotes":""},"class_list":["post-224","page","type-page","status-publish","hentry"],"_links":{"self":[{"href":"https:\/\/www.habegger-sa.com\/fr\/wp-json\/wp\/v2\/pages\/224","targetHints":{"allow":["GET"]}}],"collection":[{"href":"https:\/\/www.habegger-sa.com\/fr\/wp-json\/wp\/v2\/pages"}],"about":[{"href":"https:\/\/www.habegger-sa.com\/fr\/wp-json\/wp\/v2\/types\/page"}],"author":[{"embeddable":true,"href":"https:\/\/www.habegger-sa.com\/fr\/wp-json\/wp\/v2\/users\/1"}],"replies":[{"embeddable":true,"href":"https:\/\/www.habegger-sa.com\/fr\/wp-json\/wp\/v2\/comments?post=224"}],"version-history":[{"count":26,"href":"https:\/\/www.habegger-sa.com\/fr\/wp-json\/wp\/v2\/pages\/224\/revisions"}],"predecessor-version":[{"id":1604,"href":"https:\/\/www.habegger-sa.com\/fr\/wp-json\/wp\/v2\/pages\/224\/revisions\/1604"}],"wp:attachment":[{"href":"https:\/\/www.habegger-sa.com\/fr\/wp-json\/wp\/v2\/media?parent=224"}],"curies":[{"name":"wp","href":"https:\/\/api.w.org\/{rel}","templated":true}]}}