{"id":311,"date":"2021-04-22T15:17:02","date_gmt":"2021-04-22T13:17:02","guid":{"rendered":"https:\/\/habegger.toggle.ch\/?page_id=311"},"modified":"2022-12-10T14:21:21","modified_gmt":"2022-12-10T13:21:21","slug":"canons-de-guidage","status":"publish","type":"page","link":"https:\/\/www.habegger-sa.com\/fr\/canons-de-guidage\/","title":{"rendered":"Canons de guidage"},"content":{"rendered":"<div>Outils de guidage<\/div>\n<h2>Canons de guidage \u00e0 galets en m\u00e9tal dur<\/h2>\n<div>\n<p>S&rsquo;adaptent sur les tours \u00e0 d\u00e9colleter avec des porte-canons de notre conception ou avec des douilles de r\u00e9duction.<\/p>\n<p>Appr\u00e9ci\u00e9s pour l&rsquo;usinage de mati\u00e8re grippant facilement.<\/p>\n<p>Fonctionnement performant avec de l&rsquo;huile sans chlore ou de l&rsquo;\u00e9mulsion.<\/p>\n<\/div>\n<p><img decoding=\"async\" src=\"\/wp-content\/uploads\/2021\/11\/Canons-2-avec-vue-galets-1-scaled.jpg\" alt=\"\"><\/p>\n<h1>Principaux avantages<\/h1>\n<ul>\n<li>\n<h3>\u00c9vite tout probl\u00e8me de mal-rond<\/h3>\n<\/li>\n<li>\n<h3>Supprime les grippages axiaux<\/h3>\n<\/li>\n<li>\n<h3>Travaille sans probl\u00e8me avec l&rsquo;\u00e9mulsion<\/h3>\n<\/li>\n<li>\n<h3>N&rsquo;est pas limit\u00e9 en vitesse de rotation <\/h3>\n<\/li>\n<\/ul>\n<h1>Arguments en faveur du canon de guidage \u00e0 galets<\/h1>\n<ul>\n<li>\n<div>Vu son contact direct avec la mati\u00e8re, il <strong>\u00e9vite tout probl\u00e8me de mal-rond<\/strong> li\u00e9 aux canons tournants. La concentricit\u00e9 entre le diam\u00e8tre de mati\u00e8re et le tournage ext\u00e9rieur et int\u00e9rieur est garantie.<\/div>\n<\/li>\n<li>\n<div>Il <strong>supprime les grippages axiaux<\/strong> lors de grands enl\u00e8vements de copeaux ainsi que lors de filetages par peignage.<\/div>\n<\/li>\n<li>\n<div>Il <strong>est pr\u00e9contraint<\/strong>, gr\u00e2ce \u00e0 son syst\u00e8me de r\u00e9glage. Ce n&rsquo;est pas le cas de la pince du canon tournant. Lors d&rsquo;efforts radiaux, la pince n&rsquo;\u00e9tant pas pr\u00e9contrainte, elle peut s&rsquo;ouvrir l\u00e9g\u00e8rement (jeu du filet et \u00e9lasticit\u00e9 de la mati\u00e8re de la pince).<\/div>\n<\/li>\n<li>\n<div>Il <strong>travaille sans probl\u00e8me avec l&rsquo;\u00e9mulsion<\/strong>. Plus de 50% des utilisateurs de canons \u00e0 galets travaillent avec de l&rsquo;\u00e9mulsion et cette proportion est en constante augmentation.<\/div>\n<\/li>\n<li>\n<div>&nbsp;<\/div>\n<\/li>\n<li>\n<div>Il <strong>n&rsquo;est pas limit\u00e9 en vitesse de rotation<\/strong> sur les machines du march\u00e9 actuel, ceci \u00e9tant d\u00fb au fait que le diam\u00e8tre de rotation des galets est inf\u00e9rieur au diam\u00e8tre des roulements des canons tournants.<\/div>\n<\/li>\n<li>\n<div>Il permet, en le serrant un peu plus que normal, de corriger l\u00e9g\u00e8rement une mauvaise g\u00e9om\u00e9trie des mati\u00e8res mall\u00e9ables telles que le titane, l&rsquo;aluminium, etc. Il a pour action le galetage de la mati\u00e8re brute.<br \/><strong>Le canon \u00e0 galets peut \u00eatre d\u00e9plac\u00e9 dans l&rsquo;axe de la mati\u00e8re, ce qui permet de l&rsquo;approcher ou de l&rsquo;\u00e9loigner des outils<\/strong>, ceci contrairement au canon tournant dont la position axiale est fixe.<\/div>\n<\/li>\n<li>\n<div>Lorsque la pr\u00e9cision requise sur la pi\u00e8ce impose un r\u00e9glage \u00e0 forte contrainte du canon conventionnel (fixe ou tournant), celui-ci grippe fr\u00e9quemment lors des reculs de poup\u00e9e (peignage de filets, d\u00e9bourrage de per\u00e7age). Lorsque la mati\u00e8re avance dans le canon, elle tend \u00e0 l&rsquo;ouvrir alors que le mouvement de recul \u00e0 un effet auto-serrant in\u00e9vitable. <strong>Le canon \u00e0 galets \u00e9vite cette situation<\/strong>.<\/div>\n<\/li>\n<\/ul>\n<hr>\n<h1>Lubrification<\/h1>\n<div>\n<div>Le syst\u00e8me de lubrification avec filtre emp\u00eache la p\u00e9n\u00e9tration d\u2019impuret\u00e9s \u00e0 l\u2019int\u00e9rieur du canon et pr\u00e9vient l\u2019usure pr\u00e9matur\u00e9e de ce dernier.<br \/>\nAucune garantie n\u2019est assur\u00e9e sur les canons qui sont utilis\u00e9s sans le syst\u00e8me de lubrification muni du filtre.<\/div>\n<\/div>\n<h2>Documentation technique<\/h2>\n<div>\n<p>Retrouvez ici l&rsquo;ensemble de nos instructions de service en diff\u00e9rentes langues<\/p>\n<\/div>\n<ul>\n<li>\n<h3>Instructions de service en fran\u00e7ais<\/h3>\n<p><a href=\"\/wp-content\/uploads\/2021\/04\/1_IS_CG_F.pdf\">T\u00e9l\u00e9charger&nbsp;&nbsp;<span uk-icon=\"cloud-download\" class=\"uk-icon\"><svg width=\"20\" height=\"20\" viewBox=\"0 0 20 20\" xmlns=\"http:\/\/www.w3.org\/2000\/svg\"><path fill=\"none\" stroke=\"#000\" stroke-width=\"1.1\" d=\"M6.5,14.61 L3.75,14.61 C1.96,14.61 0.5,13.17 0.5,11.39 C0.5,9.76 1.72,8.41 3.3,8.2 C3.38,5.31 5.75,3 8.68,3 C11.19,3 13.31,4.71 13.89,7.02 C14.39,6.8 14.93,6.68 15.5,6.68 C17.71,6.68 19.5,8.45 19.5,10.64 C19.5,12.83 17.71,14.6 15.5,14.6 L12.5,14.6\"><\/path><polyline fill=\"none\" stroke=\"#000\" points=\"11.75 16 9.5 18.25 7.25 16\"><\/polyline><path fill=\"none\" stroke=\"#000\" d=\"M9.5,18 L9.5,9.5\"><\/path><\/svg><\/span><\/a><\/p>\n<\/li>\n<li>\n<h3>Instructions de service en allemand<\/h3>\n<p><a href=\"\/wp-content\/uploads\/2021\/04\/2_IS_CG_D.pdf\">T\u00e9l\u00e9charger&nbsp;&nbsp;<span uk-icon=\"cloud-download\" class=\"uk-icon\"><svg width=\"20\" height=\"20\" viewBox=\"0 0 20 20\" xmlns=\"http:\/\/www.w3.org\/2000\/svg\"><path fill=\"none\" stroke=\"#000\" stroke-width=\"1.1\" d=\"M6.5,14.61 L3.75,14.61 C1.96,14.61 0.5,13.17 0.5,11.39 C0.5,9.76 1.72,8.41 3.3,8.2 C3.38,5.31 5.75,3 8.68,3 C11.19,3 13.31,4.71 13.89,7.02 C14.39,6.8 14.93,6.68 15.5,6.68 C17.71,6.68 19.5,8.45 19.5,10.64 C19.5,12.83 17.71,14.6 15.5,14.6 L12.5,14.6\"><\/path><polyline fill=\"none\" stroke=\"#000\" points=\"11.75 16 9.5 18.25 7.25 16\"><\/polyline><path fill=\"none\" stroke=\"#000\" d=\"M9.5,18 L9.5,9.5\"><\/path><\/svg><\/span><\/a><\/p>\n<\/li>\n<li>\n<h3>Instructions de service en anglais<\/h3>\n<p><a href=\"\/wp-content\/uploads\/2021\/04\/3_IS_CG_E.pdf\">T\u00e9l\u00e9charger&nbsp;&nbsp;<span uk-icon=\"cloud-download\" class=\"uk-icon\"><svg width=\"20\" height=\"20\" viewBox=\"0 0 20 20\" xmlns=\"http:\/\/www.w3.org\/2000\/svg\"><path fill=\"none\" stroke=\"#000\" stroke-width=\"1.1\" d=\"M6.5,14.61 L3.75,14.61 C1.96,14.61 0.5,13.17 0.5,11.39 C0.5,9.76 1.72,8.41 3.3,8.2 C3.38,5.31 5.75,3 8.68,3 C11.19,3 13.31,4.71 13.89,7.02 C14.39,6.8 14.93,6.68 15.5,6.68 C17.71,6.68 19.5,8.45 19.5,10.64 C19.5,12.83 17.71,14.6 15.5,14.6 L12.5,14.6\"><\/path><polyline fill=\"none\" stroke=\"#000\" points=\"11.75 16 9.5 18.25 7.25 16\"><\/polyline><path fill=\"none\" stroke=\"#000\" d=\"M9.5,18 L9.5,9.5\"><\/path><\/svg><\/span><\/a><\/p>\n<\/li>\n<li>\n<h3>Instructions de service en italien<\/h3>\n<p><a href=\"\/wp-content\/uploads\/2021\/04\/4_IS_CG_I.pdf\">T\u00e9l\u00e9charger&nbsp;&nbsp;<span uk-icon=\"cloud-download\" class=\"uk-icon\"><svg width=\"20\" height=\"20\" viewBox=\"0 0 20 20\" xmlns=\"http:\/\/www.w3.org\/2000\/svg\"><path fill=\"none\" stroke=\"#000\" stroke-width=\"1.1\" d=\"M6.5,14.61 L3.75,14.61 C1.96,14.61 0.5,13.17 0.5,11.39 C0.5,9.76 1.72,8.41 3.3,8.2 C3.38,5.31 5.75,3 8.68,3 C11.19,3 13.31,4.71 13.89,7.02 C14.39,6.8 14.93,6.68 15.5,6.68 C17.71,6.68 19.5,8.45 19.5,10.64 C19.5,12.83 17.71,14.6 15.5,14.6 L12.5,14.6\"><\/path><polyline fill=\"none\" stroke=\"#000\" points=\"11.75 16 9.5 18.25 7.25 16\"><\/polyline><path fill=\"none\" stroke=\"#000\" d=\"M9.5,18 L9.5,9.5\"><\/path><\/svg><\/span><\/a><\/p>\n<\/li>\n<\/ul>\n<h2>Indications suppl\u00e9mentaires<\/h2>\n<div>\n<p>Les canons de guidage sont disponibles selon les capacit\u00e9s suivantes :<br \/>\nDiam\u00e8tre de passage de barre : de 1.59 \u00e0 26.00 mm<br \/>6 types de canons sont r\u00e9pertori\u00e9s : D \/ LD \/ EXT \/ CNC \/ EN \/ C<\/p>\n<p>Les types de canons sont \u00e0 choisir en fonction des machines ou des porte-canons.<\/p>\n<p><strong>Le canon ne doit \u00eatre utilis\u00e9 que pour des barres du diam\u00e8tre correspondant \u00e0 la dimension indiqu\u00e9e sur le couvercle.<\/strong><\/p>\n<p>Le montage sur la machine se fait comme pour un canon conventionnel.<\/p>\n<p>Nous proposons un grand choix de porte-canons et de douilles de r\u00e9duction.<\/p>\n<\/div>\n<p>\n    <a href=\"\/contact\">Contactez-nous&nbsp;<\/a>\n<\/p>\n<p><!--more--><br \/>\n<!-- {\"name\":\"Moletage\",\"type\":\"layout\",\"children\":[{\"type\":\"section\",\"props\":{\"header_transparent\":\"light\",\"image_position\":\"center-center\",\"padding\":\"none\",\"padding_remove_bottom\":false,\"padding_remove_top\":false,\"preserve_color\":false,\"style\":\"secondary\",\"title_breakpoint\":\"xl\",\"title_position\":\"top-left\",\"title_rotation\":\"left\",\"vertical_align\":\"middle\",\"width\":\"\"},\"children\":[{\"type\":\"row\",\"props\":{\"column_gap\":\"collapse\",\"layout\":\"1-2,1-2\",\"padding_remove_horizontal\":true,\"row_gap\":\"collapse\",\"width\":\"xlarge\"},\"children\":[{\"type\":\"column\",\"props\":{\"image_position\":\"center-center\",\"media_overlay_gradient\":\"\",\"position_sticky_breakpoint\":\"m\",\"preserve_color\":false,\"style\":\"muted\",\"vertical_align\":\"middle\",\"width_medium\":\"1-2\"},\"children\":[{\"type\":\"text\",\"props\":{\"block_align_breakpoint\":\"m\",\"block_align_fallback\":\"center\",\"column_breakpoint\":\"m\",\"content\":\"Outils de guidage\",\"margin\":\"default\",\"margin_remove_bottom\":false,\"maxwidth\":\"xlarge\",\"text_align\":\"left\",\"text_align_breakpoint\":\"m\",\"text_align_fallback\":\"center\",\"text_style\":\"meta\"}},{\"type\":\"headline\",\"props\":{\"block_align_breakpoint\":\"m\",\"block_align_fallback\":\"center\",\"content\":\"Canons de guidage \\u00e0 galets en m\\u00e9tal dur\",\"margin\":\"small\",\"maxwidth\":\"xlarge\",\"text_align\":\"left\",\"text_align_breakpoint\":\"m\",\"text_align_fallback\":\"center\",\"title_element\":\"h2\",\"title_style\":\"h1\"}},{\"type\":\"text\",\"props\":{\"block_align_breakpoint\":\"m\",\"block_align_fallback\":\"center\",\"column_breakpoint\":\"m\",\"content\":\"\n\n<p>S'adaptent sur les tours \\u00e0 d\\u00e9colleter avec des porte-canons de notre conception ou avec des douilles de r\\u00e9duction.<\\\/p>\\n\n\n<p>Appr\\u00e9ci\\u00e9s pour l'usinage de mati\\u00e8re grippant facilement.<\\\/p>\\n\n\n<p>Fonctionnement performant avec de l'huile sans chlore ou de l'\\u00e9mulsion.<\\\/p>\",\"margin\":\"medium\",\"maxwidth\":\"large\",\"text_align\":\"left\",\"text_align_breakpoint\":\"m\",\"text_align_fallback\":\"center\"}}]},{\"type\":\"column\",\"props\":{\"image_position\":\"center-center\",\"media_overlay_gradient\":\"\",\"order_first\":\"m\",\"padding\":\"none\",\"position_sticky_breakpoint\":\"m\",\"style\":\"default\",\"vertical_align\":\"middle\",\"width_medium\":\"1-2\"},\"children\":[{\"type\":\"image\",\"props\":{\"image\":\"wp-content\\\/uploads\\\/2021\\\/11\\\/Canons-2-avec-vue-galets-1-scaled.jpg\",\"image_svg_color\":\"emphasis\",\"margin\":\"default\",\"text_align\":\"center\"}}]}]}],\"name\":\"Hero\"},{\"type\":\"section\",\"props\":{\"image\":\"wp-content\\\/uploads\\\/2021\\\/03\\\/home-hero-bg.svg\",\"image_effect\":\"parallax\",\"image_parallax_bgx\":\"0,300\",\"image_parallax_bgy\":\"-300,0\",\"image_parallax_easing\":\"1\",\"image_position\":\"center-center\",\"image_size\":\"cover\",\"padding_remove_bottom\":false,\"padding_remove_top\":false,\"style\":\"secondary\",\"title_breakpoint\":\"xl\",\"title_position\":\"top-left\",\"title_rotation\":\"left\",\"vertical_align\":\"middle\",\"width\":\"expand\"},\"children\":[{\"type\":\"row\",\"props\":{\"column_gap\":\"small\",\"match\":false,\"padding_remove_horizontal\":true,\"row_gap\":\"small\",\"width\":\"xlarge\"},\"children\":[{\"type\":\"column\",\"props\":{\"image_position\":\"center-center\",\"media_overlay_gradient\":\"\",\"padding\":\"small\",\"position_sticky_breakpoint\":\"m\",\"preserve_color\":false,\"vertical_align\":\"middle\",\"width_medium\":\"1-1\"},\"children\":[{\"type\":\"headline\",\"props\":{\"content\":\"Principaux avantages\",\"margin_remove_bottom\":false,\"text_align\":\"center\",\"title_decoration\":\"line\",\"title_element\":\"h1\"}},{\"type\":\"grid\",\"props\":{\"content_column_breakpoint\":\"m\",\"filter_align\":\"left\",\"filter_all\":true,\"filter_grid_breakpoint\":\"m\",\"filter_grid_width\":\"auto\",\"filter_position\":\"top\",\"filter_style\":\"tab\",\"grid_column_align\":false,\"grid_column_gap\":\"large\",\"grid_default\":\"1\",\"grid_divider\":true,\"grid_medium\":\"4\",\"grid_row_align\":false,\"grid_row_gap\":\"large\",\"grid_small\":\"1\",\"icon_width\":80,\"image_align\":\"top\",\"image_grid_breakpoint\":\"m\",\"image_grid_width\":\"1-2\",\"image_svg_color\":\"emphasis\",\"image_svg_inline\":true,\"item_animation\":true,\"item_maxwidth\":\"medium\",\"link_style\":\"default\",\"link_text\":\"Read more\",\"margin\":\"large\",\"meta_align\":\"above-title\",\"meta_element\":\"div\",\"meta_style\":\"text-meta\",\"parallax_easing\":\"1\",\"show_content\":true,\"show_image\":true,\"show_link\":true,\"show_meta\":true,\"show_title\":true,\"text_align\":\"center\",\"text_align_fallback\":\"center\",\"title_align\":\"top\",\"title_element\":\"h3\",\"title_grid_breakpoint\":\"m\",\"title_grid_width\":\"1-2\",\"title_hover_style\":\"reset\",\"title_margin\":\"small\",\"title_style\":\"h4\"},\"children\":[{\"type\":\"grid_item\",\"props\":{\"content\":\"\",\"icon\":\"\",\"image\":\"\",\"meta\":\"\",\"title\":\"\\u00c9vite tout probl\\u00e8me de mal-rond\"}},{\"type\":\"grid_item\",\"props\":{\"content\":\"\",\"icon\":\"\",\"image\":\"\",\"meta\":\"\",\"title\":\"Supprime les grippages axiaux\"}},{\"type\":\"grid_item\",\"props\":{\"content\":\"\",\"icon\":\"\",\"image\":\"\",\"meta\":\"\",\"title\":\"Travaille sans probl\\u00e8me avec l'\\u00e9mulsion\"}},{\"type\":\"grid_item\",\"props\":{\"content\":\"\",\"icon\":\"\",\"image\":\"\",\"meta\":\"\",\"title\":\"N'est pas limit\\u00e9 en vitesse de rotation \"}}]}]}]}],\"name\":\"Avantages\"},{\"type\":\"section\",\"props\":{\"image\":\"\",\"image_position\":\"center-center\",\"padding\":\"xsmall\",\"padding_remove_top\":false,\"preserve_color\":false,\"style\":\"secondary\",\"title_breakpoint\":\"xl\",\"title_position\":\"top-left\",\"title_rotation\":\"left\",\"vertical_align\":\"middle\",\"width\":\"xlarge\"},\"children\":[{\"type\":\"row\",\"children\":[{\"type\":\"column\",\"props\":{\"image_position\":\"center-center\",\"media_overlay_gradient\":\"\",\"padding\":\"small\",\"position_sticky_breakpoint\":\"m\",\"preserve_color\":false,\"style\":\"muted\",\"width_medium\":\"\"},\"children\":[{\"type\":\"headline\",\"props\":{\"content\":\"Arguments en faveur du canon de guidage \\u00e0 galets\",\"title_element\":\"h1\"}},{\"type\":\"list\",\"props\":{\"column\":\"1-2\",\"column_breakpoint\":\"m\",\"column_divider\":true,\"css\":\"li.el-item:nth-child(5) {\\n    visibility: hidden;\\n}\",\"icon\":\"chevron-right\",\"image_align\":\"left\",\"image_svg_color\":\"emphasis\",\"image_vertical_align\":true,\"list_element\":\"ul\",\"list_horizontal_separator\":\", \",\"list_marker\":\"\",\"list_type\":\"vertical\",\"show_image\":true,\"show_link\":true},\"children\":[{\"type\":\"list_item\",\"props\":{\"content\":\"Vu son contact direct avec la mati\\u00e8re, il <strong>\\u00e9vite tout probl\\u00e8me de mal-rond<\\\/strong> li\\u00e9 aux canons tournants. La concentricit\\u00e9 entre le diam\\u00e8tre de mati\\u00e8re et le tournage ext\\u00e9rieur et int\\u00e9rieur est garantie.\"}},{\"type\":\"list_item\",\"props\":{\"content\":\"Il <strong>supprime les grippages axiaux<\\\/strong> lors de grands enl\\u00e8vements de copeaux ainsi que lors de filetages par peignage.\"}},{\"type\":\"list_item\",\"props\":{\"content\":\"Il <strong>est pr\\u00e9contraint<\\\/strong>, gr\\u00e2ce \\u00e0 son syst\\u00e8me de r\\u00e9glage. Ce n'est pas le cas de la pince du canon tournant. Lors d'efforts radiaux, la pince n'\\u00e9tant pas pr\\u00e9contrainte, elle peut s'ouvrir l\\u00e9g\\u00e8rement (jeu du filet et \\u00e9lasticit\\u00e9 de la mati\\u00e8re de la pince).\"}},{\"type\":\"list_item\",\"props\":{\"content\":\"Il <strong>travaille sans probl\\u00e8me avec l'\\u00e9mulsion<\\\/strong>. Plus de 50% des utilisateurs de canons \\u00e0 galets travaillent avec de l'\\u00e9mulsion et cette proportion est en constante augmentation.\"}},{\"type\":\"list_item\",\"props\":{\"content\":\"&nbsp;\",\"icon\":\"minus\",\"icon_color\":\"muted\",\"status\":\"\"}},{\"type\":\"list_item\",\"props\":{\"content\":\"Il <strong>n'est pas limit\\u00e9 en vitesse de rotation<\\\/strong> sur les machines du march\\u00e9 actuel, ceci \\u00e9tant d\\u00fb au fait que le diam\\u00e8tre de rotation des galets est inf\\u00e9rieur au diam\\u00e8tre des roulements des canons tournants.\"}},{\"type\":\"list_item\",\"props\":{\"content\":\"Il permet, en le serrant un peu plus que normal, de corriger l\\u00e9g\\u00e8rement une mauvaise g\\u00e9om\\u00e9trie des mati\\u00e8res mall\\u00e9ables telles que le titane, l'aluminium, etc. Il a pour action le galetage de la mati\\u00e8re brute.<br \/><strong>Le canon \\u00e0 galets peut \\u00eatre d\\u00e9plac\\u00e9 dans l'axe de la mati\\u00e8re, ce qui permet de l'approcher ou de l'\\u00e9loigner des outils<\\\/strong>, ceci contrairement au canon tournant dont la position axiale est fixe.\"}},{\"type\":\"list_item\",\"props\":{\"content\":\"Lorsque la pr\\u00e9cision requise sur la pi\\u00e8ce impose un r\\u00e9glage \\u00e0 forte contrainte du canon conventionnel (fixe ou tournant), celui-ci grippe fr\\u00e9quemment lors des reculs de poup\\u00e9e (peignage de filets, d\\u00e9bourrage de per\\u00e7age). Lorsque la mati\\u00e8re avance dans le canon, elle tend \\u00e0 l'ouvrir alors que le mouvement de recul \\u00e0 un effet auto-serrant in\\u00e9vitable. <strong>Le canon \\u00e0 galets \\u00e9vite cette situation<\\\/strong>.\"}}]},{\"type\":\"divider\",\"props\":{\"divider_element\":\"hr\",\"position\":\"relative\",\"position_bottom\":\"-10\"}},{\"type\":\"headline\",\"props\":{\"content\":\"Lubrification\",\"title_element\":\"h1\"}},{\"type\":\"list\",\"props\":{\"column_breakpoint\":\"m\",\"column_divider\":true,\"icon\":\"chevron-right\",\"image_align\":\"left\",\"image_svg_color\":\"emphasis\",\"image_vertical_align\":true,\"list_element\":\"ul\",\"list_horizontal_separator\":\", \",\"list_marker\":\"\",\"list_type\":\"vertical\",\"show_image\":true,\"show_link\":true},\"children\":[{\"type\":\"list_item\",\"props\":{\"content\":\"Le syst\\u00e8me de lubrification avec filtre emp\\u00eache la p\\u00e9n\\u00e9tration d\\u2019impuret\\u00e9s \\u00e0 l\\u2019int\\u00e9rieur du canon et pr\\u00e9vient l\\u2019usure pr\\u00e9matur\\u00e9e de ce dernier.<br \/>\\nAucune garantie n\\u2019est assur\\u00e9e sur les canons qui sont utilis\\u00e9s sans le syst\\u00e8me de lubrification muni du filtre.\"}}]}]}],\"props\":{\"column_gap\":\"small\",\"margin_remove_bottom\":false,\"margin_remove_top\":false,\"match\":false,\"row_gap\":\"collapse\",\"width\":\"xlarge\"}}],\"name\":\"Produits\"},{\"type\":\"section\",\"props\":{\"image_position\":\"center-center\",\"padding\":\"small\",\"padding_remove_bottom\":false,\"padding_remove_top\":false,\"preserve_color\":true,\"style\":\"secondary\",\"title_breakpoint\":\"xl\",\"title_position\":\"top-left\",\"title_rotation\":\"left\",\"vertical_align\":\"middle\",\"width\":\"xlarge\"},\"children\":[{\"type\":\"row\",\"props\":{\"class\":\"\",\"column_gap\":\"collapse\",\"id\":\"faq\",\"layout\":\"1-2,1-2\",\"padding_remove_horizontal\":false,\"row_gap\":\"collapse\",\"width\":\"xlarge\"},\"children\":[{\"type\":\"column\",\"props\":{\"image_position\":\"center-center\",\"media_overlay_gradient\":\"\",\"position_sticky_breakpoint\":\"m\",\"style\":\"default\",\"vertical_align\":\"middle\",\"width_medium\":\"1-2\"},\"children\":[{\"type\":\"headline\",\"props\":{\"block_align_breakpoint\":\"m\",\"block_align_fallback\":\"center\",\"content\":\"Documentation technique\",\"maxwidth\":\"large\",\"text_align\":\"left\",\"text_align_breakpoint\":\"m\",\"text_align_fallback\":\"center\",\"title_element\":\"h2\",\"title_style\":\"h1\"}},{\"type\":\"text\",\"props\":{\"block_align_breakpoint\":\"m\",\"block_align_fallback\":\"center\",\"column_breakpoint\":\"m\",\"content\":\"\n\n<p>Retrouvez ici l'ensemble de nos instructions de service en diff\\u00e9rentes langues<\\\/p>\",\"margin\":\"default\",\"maxwidth\":\"xlarge\",\"maxwidth_breakpoint\":\"s\",\"text_align\":\"left\",\"text_align_breakpoint\":\"m\",\"text_align_fallback\":\"center\"}}]},{\"type\":\"column\",\"props\":{\"image_position\":\"center-center\",\"media_overlay_gradient\":\"\",\"position_sticky_breakpoint\":\"m\",\"preserve_color\":false,\"style\":\"primary\",\"vertical_align\":\"middle\",\"width_medium\":\"1-2\"},\"children\":[{\"type\":\"accordion\",\"props\":{\"block_align\":\"right\",\"block_align_breakpoint\":\"m\",\"block_align_fallback\":\"center\",\"collapsible\":true,\"content_column\":\"\",\"content_column_breakpoint\":\"m\",\"image_align\":\"top\",\"image_grid_breakpoint\":\"m\",\"image_grid_width\":\"1-2\",\"image_svg_color\":\"emphasis\",\"link_margin\":\"remove\",\"link_style\":\"default\",\"link_target\":true,\"link_text\":\"T\\u00e9l\\u00e9charger&nbsp;&nbsp;<span uk-icon=\\\"cloud-download\\\" class=\\\"uk-icon\\\"><svg width=\\\"20\\\" height=\\\"20\\\" viewBox=\\\"0 0 20 20\\\" xmlns=\\\"http:\\\/\\\/www.w3.org\\\/2000\\\/svg\\\"><path fill=\\\"none\\\" stroke=\\\"#000\\\" stroke-width=\\\"1.1\\\" d=\\\"M6.5,14.61 L3.75,14.61 C1.96,14.61 0.5,13.17 0.5,11.39 C0.5,9.76 1.72,8.41 3.3,8.2 C3.38,5.31 5.75,3 8.68,3 C11.19,3 13.31,4.71 13.89,7.02 C14.39,6.8 14.93,6.68 15.5,6.68 C17.71,6.68 19.5,8.45 19.5,10.64 C19.5,12.83 17.71,14.6 15.5,14.6 L12.5,14.6\\\"><\\\/path><polyline fill=\\\"none\\\" stroke=\\\"#000\\\" points=\\\"11.75 16 9.5 18.25 7.25 16\\\"><\\\/polyline><path fill=\\\"none\\\" stroke=\\\"#000\\\" d=\\\"M9.5,18 L9.5,9.5\\\"><\\\/path><\\\/svg><\\\/span>\",\"multiple\":false,\"show_image\":false,\"show_link\":true},\"children\":[{\"type\":\"accordion_item\",\"props\":{\"content\":\"\",\"image\":\"\",\"link\":\"\\\/wp-content\\\/uploads\\\/2021\\\/04\\\/1_IS_CG_F.pdf\",\"title\":\"Instructions de service en fran\\u00e7ais\"}},{\"type\":\"accordion_item\",\"props\":{\"content\":\"\",\"image\":\"\",\"link\":\"\\\/wp-content\\\/uploads\\\/2021\\\/04\\\/2_IS_CG_D.pdf\",\"title\":\"Instructions de service en allemand\"}},{\"type\":\"accordion_item\",\"props\":{\"content\":\"\",\"image\":\"\",\"link\":\"\\\/wp-content\\\/uploads\\\/2021\\\/04\\\/3_IS_CG_E.pdf\",\"title\":\"Instructions de service en anglais\"}},{\"type\":\"accordion_item\",\"props\":{\"content\":\"\",\"image\":\"\",\"link\":\"\\\/wp-content\\\/uploads\\\/2021\\\/04\\\/4_IS_CG_I.pdf\",\"title\":\"Instructions de service en italien\"}}]}]}]}],\"name\":\"Doc. technique\"},{\"type\":\"section\",\"props\":{\"image_position\":\"center-center\",\"overlap\":false,\"padding\":\"xsmall\",\"padding_remove_bottom\":false,\"preserve_color\":true,\"style\":\"secondary\",\"title_breakpoint\":\"xl\",\"title_position\":\"top-left\",\"title_rotation\":\"left\",\"vertical_align\":\"middle\",\"width\":\"xlarge\"},\"children\":[{\"type\":\"row\",\"props\":{\"id\":\"contact\",\"margin_remove_bottom\":true,\"padding_remove_horizontal\":true},\"children\":[{\"type\":\"column\",\"props\":{\"image\":\"\",\"image_position\":\"center-center\",\"image_size\":\"cover\",\"image_width\":\"1600\",\"media_overlay_gradient\":\"\",\"position_sticky_breakpoint\":\"m\",\"style\":\"default\",\"text_color\":\"light\",\"vertical_align\":\"middle\",\"width_medium\":\"1-1\"},\"children\":[{\"type\":\"headline\",\"props\":{\"content\":\"Indications suppl\\u00e9mentaires\",\"link\":\"\",\"text_align\":\"center\",\"title_element\":\"h2\"}},{\"type\":\"text\",\"props\":{\"block_align\":\"center\",\"column_breakpoint\":\"m\",\"content\":\"\n\n<p>Les canons de guidage sont disponibles selon les capacit\\u00e9s suivantes :<br \/>\\nDiam\\u00e8tre de passage de barre : de 1.59 \\u00e0 26.00 mm<br \/>6 types de canons sont r\\u00e9pertori\\u00e9s : D \\\/ LD \\\/ EXT \\\/ CNC \\\/ EN \\\/ C<\\\/p>\\n\n\n<p>Les types de canons sont \\u00e0 choisir en fonction des machines ou des porte-canons.<\\\/p>\\n\n\n<p><strong>Le canon ne doit \\u00eatre utilis\\u00e9 que pour des barres du diam\\u00e8tre correspondant \\u00e0 la dimension indiqu\\u00e9e sur le couvercle.<\\\/strong><\\\/p>\\n\n\n<p>Le montage sur la machine se fait comme pour un canon conventionnel.<\\\/p>\\n\n\n<p>Nous proposons un grand choix de porte-canons et de douilles de r\\u00e9duction.<\\\/p>\",\"margin\":\"default\",\"maxwidth\":\"xlarge\",\"text_align\":\"center\"}},{\"type\":\"button\",\"props\":{\"grid_column_gap\":\"small\",\"grid_row_gap\":\"small\",\"margin\":\"medium\",\"text_align\":\"center\"},\"children\":[{\"type\":\"button_item\",\"props\":{\"button_style\":\"primary\",\"content\":\"Contactez-nous&nbsp;\",\"icon\":\"info\",\"icon_align\":\"right\",\"link\":\"\\\/contact\"}}]}]}]}],\"name\":\"Sur demande\"}],\"version\":\"3.0.17\"} --><\/p>\n","protected":false},"excerpt":{"rendered":"<p>Outils de guidage Canons de guidage \u00e0 galets en m\u00e9tal dur S&rsquo;adaptent sur les tours \u00e0 d\u00e9colleter avec des porte-canons de notre conception ou avec des douilles de r\u00e9duction. Appr\u00e9ci\u00e9s pour l&rsquo;usinage de mati\u00e8re grippant facilement. Fonctionnement performant avec de l&rsquo;huile sans chlore ou de l&rsquo;\u00e9mulsion. Principaux avantages \u00c9vite tout probl\u00e8me de mal-rond Supprime les [&hellip;]<\/p>\n","protected":false},"author":1,"featured_media":0,"parent":0,"menu_order":0,"comment_status":"closed","ping_status":"closed","template":"","meta":{"footnotes":""},"class_list":["post-311","page","type-page","status-publish","hentry"],"_links":{"self":[{"href":"https:\/\/www.habegger-sa.com\/fr\/wp-json\/wp\/v2\/pages\/311","targetHints":{"allow":["GET"]}}],"collection":[{"href":"https:\/\/www.habegger-sa.com\/fr\/wp-json\/wp\/v2\/pages"}],"about":[{"href":"https:\/\/www.habegger-sa.com\/fr\/wp-json\/wp\/v2\/types\/page"}],"author":[{"embeddable":true,"href":"https:\/\/www.habegger-sa.com\/fr\/wp-json\/wp\/v2\/users\/1"}],"replies":[{"embeddable":true,"href":"https:\/\/www.habegger-sa.com\/fr\/wp-json\/wp\/v2\/comments?post=311"}],"version-history":[{"count":31,"href":"https:\/\/www.habegger-sa.com\/fr\/wp-json\/wp\/v2\/pages\/311\/revisions"}],"predecessor-version":[{"id":1608,"href":"https:\/\/www.habegger-sa.com\/fr\/wp-json\/wp\/v2\/pages\/311\/revisions\/1608"}],"wp:attachment":[{"href":"https:\/\/www.habegger-sa.com\/fr\/wp-json\/wp\/v2\/media?parent=311"}],"curies":[{"name":"wp","href":"https:\/\/api.w.org\/{rel}","templated":true}]}}