{"id":7,"date":"2021-03-04T10:07:36","date_gmt":"2021-03-04T09:07:36","guid":{"rendered":"http:\/\/habegger.toggle.ch\/?page_id=7"},"modified":"2021-12-14T14:11:36","modified_gmt":"2021-12-14T13:11:36","slug":"accueil","status":"publish","type":"page","link":"https:\/\/www.habegger-sa.com\/fr\/","title":{"rendered":"Accueil"},"content":{"rendered":"<div>\n<p>        <img decoding=\"async\" src=\"\/wp-content\/uploads\/2021\/10\/PIeces-8-1.jpg\" alt=\"\"><\/p>\n<h2>Harold Habegger SA<\/h2>\n<p>Bienvenue<\/p>\n<div>\n<p>Fabrique de machines et outillage.<\/p>\n<p>Entreprise cr\u00e9\u00e9e en 1960 par son fondateur et pr\u00e9sident, M. Harold Habegger<\/p>\n<\/div>\n<p><a href=\"\/contact\">En savoir plus<\/a><\/p>\n<\/div>\n<div>\n<p>        <img decoding=\"async\" src=\"\/wp-content\/uploads\/2021\/10\/PIeces-8-1.jpg\" alt=\"\"><\/p>\n<h2>Harold Habegger SA<\/h2>\n<p>Bienvenue<\/p>\n<div>\n<p>Fabrique de machines et outillage.<\/p>\n<p>Entreprise cr\u00e9\u00e9e en 1960 par son fondateur et pr\u00e9sident M. Harold Habegger<\/p>\n<\/div>\n<p><a href=\"\/contact\/\">En savoir plus<\/a><\/p>\n<\/div>\n<ul>\n<li>\n<p>        <img decoding=\"async\" src=\"\/wp-content\/uploads\/2021\/12\/outils-filetage.jpg\" alt=\"\"><\/p>\n<h3><span style=\"color:rgba(0,0,0,0.75);\">Outils de filetage<\/span><\/h3>\n<div>\n<ul>\n<li style=\"color: rgba(0,0,0,0.75);\"><a style=\"color: currentcolor;\" href=\"\/filieres-a-rouler-les-filets\/\">Fili\u00e8res \u00e0 rouler les filets<\/a><\/li>\n<\/ul>\n<\/div>\n<\/li>\n<li>\n<p>        <img decoding=\"async\" src=\"\/wp-content\/uploads\/2021\/12\/outils-moletage-1.jpg\" alt=\"\"><\/p>\n<h3>Outils de moletage<\/h3>\n<div>\n<ul>\n<li><a href=\"\/filieres-a-moleter\/\">Fili\u00e8res \u00e0 moleter<\/a><\/li>\n<li><a href=\"\/tetes-a-moleter\/\">T\u00eates \u00e0 moleter<\/a><\/li>\n<\/ul>\n<\/div>\n<\/li>\n<li>\n<p>        <img decoding=\"async\" src=\"\/wp-content\/uploads\/2021\/12\/outils-galetage.jpg\" alt=\"\"><\/p>\n<h3>Outils de galetage<\/h3>\n<div>\n<ul>\n<li><a href=\"\/filieres-a-galeter\/\">Fili\u00e8res \u00e0 galeter<\/a><\/li>\n<\/ul>\n<\/div>\n<\/li>\n<li>\n<p>        <img decoding=\"async\" src=\"\/wp-content\/uploads\/2021\/12\/outils-guidage.jpg\" alt=\"\"><\/p>\n<h3>Outils de guidage<\/h3>\n<div>\n<ul>\n<li><a href=\"\/canons-de-guidage\/\">Canons de guidage<\/a><\/li>\n<li><a href=\"\/canons-3-positions\/\">Canons 3 positions<\/a><\/li>\n<\/ul>\n<\/div>\n<\/li>\n<\/ul>\n<p><!--more--><br \/>\n<!-- {\"name\":\"Home\",\"type\":\"layout\",\"children\":[{\"type\":\"section\",\"props\":{\"style\":\"secondary\",\"width\":\"\",\"vertical_align\":\"middle\",\"title_position\":\"top-left\",\"title_rotation\":\"left\",\"title_breakpoint\":\"xl\",\"image_position\":\"center-center\",\"padding\":\"none\",\"padding_remove_top\":false,\"image\":\"wp-content\\\/uploads\\\/2021\\\/03\\\/home-hero-bg.svg\",\"overlap\":false,\"header_transparent\":\"light\",\"header_transparent_noplaceholder\":false},\"children\":[{\"type\":\"row\",\"props\":{\"width\":\"xlarge\",\"margin\":\"remove-vertical\",\"margin_remove_bottom\":false,\"padding_remove_horizontal\":true},\"children\":[{\"type\":\"column\",\"props\":{\"image_position\":\"center-center\",\"media_overlay_gradient\":\"\",\"width_medium\":\"1-1\",\"position_sticky_breakpoint\":\"m\"},\"children\":[{\"type\":\"overlay\",\"props\":{\"link_text\":\"En savoir plus\",\"overlay_mode\":\"cover\",\"overlay_hover\":false,\"overlay_style\":\"\",\"overlay_position\":\"center-left\",\"overlay_transition\":\"fade\",\"title_element\":\"h2\",\"meta_style\":\"meta\",\"meta_align\":\"above-title\",\"link_style\":\"primary\",\"text_align\":\"left\",\"margin\":\"small\",\"overlay_padding\":\"large\",\"overlay_maxwidth\":\"2xlarge\",\"title_style\":\"h1\",\"link_margin\":\"medium\",\"visibility\":\"s\",\"source\":\"21\",\"meta\":\"Bienvenue\",\"image_min_height\":\"700\",\"image_width\":\"1600\",\"title_hover_style\":\"reset\",\"css\":\"@media (max-width: 1200px) {\\n\\t.el-element > * > .uk-position-center-right { \\t\\twidth: 50%;\\n\\t}\\n}\\n.el-element .uk-position-center-left > .uk-panel {\\n    background: #00000070;\\n}\",\"class\":\"\",\"meta_element\":\"div\",\"text_color\":\"light\",\"image\":\"wp-content\\\/uploads\\\/2021\\\/10\\\/PIeces-8-1.jpg\",\"content\":\"\n\n<p>Fabrique de machines et outillage.<\\\/p>\\n\n\n<p>Entreprise cr\\u00e9\\u00e9e en 1960 par son fondateur et pr\\u00e9sident, M. Harold Habegger<\\\/p>\",\"link\":\"\\\/contact\",\"title\":\"Harold Habegger SA\",\"image_alt\":\"\",\"overlay_image\":null,\"overlay_link\":true}},{\"type\":\"overlay\",\"props\":{\"link_text\":\"En savoir plus\",\"overlay_mode\":\"cover\",\"overlay_hover\":true,\"overlay_style\":\"overlay-primary\",\"overlay_position\":\"center\",\"overlay_transition\":\"fade\",\"title_element\":\"h2\",\"meta_style\":\"meta\",\"meta_align\":\"above-title\",\"link_style\":\"primary\",\"text_align\":\"center\",\"margin\":\"remove-vertical\",\"overlay_padding\":\"small\",\"overlay_maxwidth\":\"large\",\"title_style\":\"h1\",\"link_margin\":\"medium\",\"visibility\":\"hidden-s\",\"source\":\"21\",\"meta\":\"Bienvenue\",\"image_min_height\":\"400\",\"image_width\":\"900\",\"title_hover_style\":\"reset\",\"class\":\"\",\"meta_element\":\"div\",\"text_color\":\"\",\"content\":\"\n\n<p>Fabrique de machines et outillage.<\\\/p>\\n\n\n<p>Entreprise cr\\u00e9\\u00e9e en 1960 par son fondateur et pr\\u00e9sident M. Harold Habegger<\\\/p>\",\"link\":\"contact\\\/\",\"title\":\"Harold Habegger SA\",\"image\":\"wp-content\\\/uploads\\\/2021\\\/10\\\/PIeces-8-1.jpg\",\"image_alt\":\"\",\"overlay_image\":null,\"overlay_link\":true,\"margin_remove_top\":false,\"margin_remove_bottom\":false,\"meta_margin\":\"xlarge\",\"overlay_transition_background\":true,\"css\":\".el-element .uk-position-center > .uk-overlay {\\n    background: #00000099;\\n}\"}},{\"type\":\"gallery\",\"props\":{\"show_title\":true,\"show_meta\":true,\"show_content\":true,\"show_link\":true,\"show_hover_image\":true,\"grid_default\":\"1\",\"grid_medium\":\"2\",\"filter_style\":\"tab\",\"filter_all\":true,\"filter_position\":\"top\",\"filter_align\":\"left\",\"filter_grid_width\":\"auto\",\"filter_grid_breakpoint\":\"m\",\"overlay_mode\":\"cover\",\"overlay_hover\":false,\"overlay_style\":\"\",\"text_color\":\"\",\"overlay_position\":\"center-left\",\"overlay_transition\":\"fade\",\"title_hover_style\":\"reset\",\"title_element\":\"h3\",\"meta_style\":\"\",\"meta_align\":\"below-title\",\"link_text\":\"\",\"link_style\":\"text\",\"text_align\":\"left\",\"margin\":\"small\",\"item_animation\":true,\"grid_column_gap\":\"small\",\"grid_row_gap\":\"small\",\"title_style\":\"h2\",\"content_margin\":\"small\",\"css\":\"@media (max-width: 959px) {\\n    .uk-margin-small,\\n    .uk-grid-margin {\\n        margin: 0 !important;\\n    }\\n}\",\"image_width\":\"910\",\"image_min_height\":\"250\",\"class\":\"\",\"meta_element\":\"div\",\"overlay_link\":true,\"grid_divider\":false,\"grid_column_align\":false,\"grid_row_align\":false,\"text_color_hover\":false,\"margin_remove_top\":true,\"overlay_transition_background\":false,\"grid_xlarge\":\"4\",\"text_align_breakpoint\":\"s\",\"text_align_fallback\":\"center\",\"id\":\"home-blocs\"},\"children\":[{\"type\":\"gallery_item\",\"props\":{\"source\":\"27\",\"image\":\"wp-content\\\/uploads\\\/2021\\\/12\\\/outils-filetage.jpg\",\"title\":\"<span style=\\\"color:rgba(0,0,0,0.75);\\\">Outils de filetage<\\\/span>\",\"content\":\"\n\n<ul>\\n\n\n<li style=\\\"color: rgba(0,0,0,0.75);\\\"><a style=\\\"color: currentcolor;\\\" href=\\\"\\\/filieres-a-rouler-les-filets\\\/\\\">Fili\\u00e8res \\u00e0 rouler les filets<\\\/a><\\\/li>\\n<\\\/ul>\",\"link\":\"\",\"image_alt\":\"\",\"hover_image\":null,\"text_color\":\"dark\",\"text_color_hover\":false}},{\"type\":\"gallery_item\",\"props\":{\"source\":\"24\",\"image\":\"wp-content\\\/uploads\\\/2021\\\/12\\\/outils-moletage-1.jpg\",\"title\":\"Outils de moletage\",\"content\":\"\n\n<ul>\\n\n\n<li><a href=\\\"\\\/filieres-a-moleter\\\/\\\">Fili\\u00e8res \\u00e0 moleter<\\\/a><\\\/li>\\n\n\n<li><a href=\\\"\\\/tetes-a-moleter\\\/\\\">T\\u00eates \\u00e0 moleter<\\\/a><\\\/li>\\n<\\\/ul>\",\"link\":\"\",\"image_alt\":\"\",\"text_color\":\"light\",\"hover_image\":null}},{\"type\":\"gallery_item\",\"props\":{\"source\":\"40\",\"image\":\"wp-content\\\/uploads\\\/2021\\\/12\\\/outils-galetage.jpg\",\"title\":\"Outils de galetage\",\"content\":\"\n\n<ul>\\n\n\n<li><a href=\\\"\\\/filieres-a-galeter\\\/\\\">Fili\\u00e8res \\u00e0 galeter<\\\/a><\\\/li>\\n<\\\/ul>\",\"link\":\"\",\"image_alt\":\"\",\"text_color\":\"light\",\"hover_image\":null}},{\"type\":\"gallery_item\",\"props\":{\"source\":\"40\",\"image\":\"wp-content\\\/uploads\\\/2021\\\/12\\\/outils-guidage.jpg\",\"title\":\"Outils de guidage\",\"content\":\"\n\n<ul>\\n\n\n<li><a href=\\\"\\\/canons-de-guidage\\\/\\\">Canons de guidage<\\\/a><\\\/li>\\n\n\n<li><a href=\\\"\\\/canons-3-positions\\\/\\\">Canons 3 positions<\\\/a><\\\/li>\\n<\\\/ul>\",\"link\":\"\",\"image_alt\":\"\",\"text_color\":\"light\",\"hover_image\":null}}]}]}]}],\"name\":\"Home\"}],\"version\":\"2.7.5\"} --><\/p>\n","protected":false},"excerpt":{"rendered":"<p>Harold Habegger SA Bienvenue Fabrique de machines et outillage. Entreprise cr\u00e9\u00e9e en 1960 par son fondateur et pr\u00e9sident, M. Harold Habegger En savoir plus Harold Habegger SA Bienvenue Fabrique de machines et outillage. Entreprise cr\u00e9\u00e9e en 1960 par son fondateur et pr\u00e9sident M. Harold Habegger En savoir plus Outils de filetage Fili\u00e8res \u00e0 rouler les [&hellip;]<\/p>\n","protected":false},"author":1,"featured_media":0,"parent":0,"menu_order":0,"comment_status":"closed","ping_status":"closed","template":"","meta":{"footnotes":""},"class_list":["post-7","page","type-page","status-publish","hentry"],"_links":{"self":[{"href":"https:\/\/www.habegger-sa.com\/fr\/wp-json\/wp\/v2\/pages\/7","targetHints":{"allow":["GET"]}}],"collection":[{"href":"https:\/\/www.habegger-sa.com\/fr\/wp-json\/wp\/v2\/pages"}],"about":[{"href":"https:\/\/www.habegger-sa.com\/fr\/wp-json\/wp\/v2\/types\/page"}],"author":[{"embeddable":true,"href":"https:\/\/www.habegger-sa.com\/fr\/wp-json\/wp\/v2\/users\/1"}],"replies":[{"embeddable":true,"href":"https:\/\/www.habegger-sa.com\/fr\/wp-json\/wp\/v2\/comments?post=7"}],"version-history":[{"count":64,"href":"https:\/\/www.habegger-sa.com\/fr\/wp-json\/wp\/v2\/pages\/7\/revisions"}],"predecessor-version":[{"id":1572,"href":"https:\/\/www.habegger-sa.com\/fr\/wp-json\/wp\/v2\/pages\/7\/revisions\/1572"}],"wp:attachment":[{"href":"https:\/\/www.habegger-sa.com\/fr\/wp-json\/wp\/v2\/media?parent=7"}],"curies":[{"name":"wp","href":"https:\/\/api.w.org\/{rel}","templated":true}]}}